{"id":853,"date":"2017-03-12T14:06:46","date_gmt":"2017-03-12T13:06:46","guid":{"rendered":"http:\/\/www.dansetutudeluxe.com\/privacy-policy\/"},"modified":"2017-03-12T14:14:56","modified_gmt":"2017-03-12T13:14:56","slug":"privacy-policy","status":"publish","type":"page","link":"https:\/\/www.dansetutudeluxe.com\/fr\/privacy-policy\/","title":{"rendered":"Privacy Policy"},"content":{"rendered":"<p>Politique de confidentialit\u00e9<\/p>\n<p>Bienvenue sur http:\/\/www.dansetutudeluxe.com (le \u00ab\u00a0Site\u00a0\u00bb). Nous comprenons que la confidentialit\u00e9 en ligne est importante pour les utilisateurs de notre Site, en particulier lors de la conduite d&rsquo;affaires. Cette d\u00e9claration r\u00e9git nos politiques de confidentialit\u00e9 \u00e0 l&rsquo;\u00e9gard des utilisateurs du Site (Les \u00abVisiteurs\u00bb) qui se rendent sans faire affaire et les Visiteurs qui s&rsquo;inscrivent pour effectuer des transactions sur le Site et utilisent les divers services offerts par DanseTutuDeluxe (collectivement, les \u00abServices\u00bb) (\u00abClients Autoris\u00e9s\u00bb).<\/p>\n<p>\u00abInformations personnelles identifiables\u00bb<\/p>\n<p>Renvoie \u00e0 toute information qui identifie ou peut \u00eatre utilis\u00e9e pour identifier, communiquer ou localiser la personne \u00e0 laquelle appartiennent ces renseignements, y compris, mais sans s&rsquo;y limiter, le nom, l&rsquo;adresse, le num\u00e9ro de t\u00e9l\u00e9phone, le num\u00e9ro de t\u00e9l\u00e9copieur, l&rsquo;adresse \u00e9lectronique, les profils financiers, la s\u00e9curit\u00e9 sociale Le num\u00e9ro et les informations relatives \u00e0 la carte de cr\u00e9dit. Les renseignements personnellement identifiables ne comprennent pas les renseignements qui sont recueillis de fa\u00e7on anonyme (c&rsquo;est-\u00e0-dire sans identification de l&rsquo;utilisateur individuel) ou d&rsquo;informations d\u00e9mographiques non li\u00e9es \u00e0 une personne identifi\u00e9e.<\/p>\n<p>Quelles sont les informations personnelles identifiables recueillies?<\/p>\n<p>Nous pouvons recueillir des informations de profil d&rsquo;utilisateur de base de tous nos visiteurs. Nous collectons les informations suppl\u00e9mentaires suivantes aupr\u00e8s de nos Clients Autoris\u00e9s: les noms, adresses, num\u00e9ros de t\u00e9l\u00e9phone et adresses \u00e9lectroniques des Clients Autoris\u00e9s, la nature et la taille de l&rsquo;entreprise ainsi que la nature et la taille de l&rsquo;inventaire publicitaire que le Client autoris\u00e9 a l&rsquo;intention d&rsquo;acheter ou vendre.<\/p>\n<p>Quelles sont les organisations qui recueillent les informations?<\/p>\n<p>En plus de notre collecte directe d&rsquo;informations, nos fournisseurs de services tiers (tels que les soci\u00e9t\u00e9s de cartes de cr\u00e9dit, les chambres de compensation et les banques) qui peuvent fournir des services tels que les services de cr\u00e9dit, d&rsquo;assurance et d&rsquo;entiercement peuvent recueillir ces informations aupr\u00e8s de nos visiteurs et clients autoris\u00e9s. Nous ne contr\u00f4lons pas la fa\u00e7on dont ces tiers utilisent ces informations, mais nous leur demandons de divulguer comment ils utilisent les renseignements personnels qui leur sont fournis par les visiteurs et les clients autoris\u00e9s. Certaines de ces tierces parties peuvent \u00eatre des interm\u00e9diaires qui agissent uniquement comme des maillons de la cha\u00eene de distribution et qui ne stockent pas, ne conservent pas ou n&rsquo;utilisent pas les informations qui leur sont donn\u00e9es.<\/p>\n<p>Comment le site utilise-t-il des informations personnelles identifiables?<\/p>\n<p>Nous utilisons des renseignements personnellement identifiables pour personnaliser le site, pour offrir des services appropri\u00e9s et pour r\u00e9pondre aux demandes d&rsquo;achat et de vente sur le site. Nous pouvons envoyer par courrier \u00e9lectronique aux visiteurs et aux clients autoris\u00e9s les possibilit\u00e9s de recherche ou d&rsquo;achat et de vente sur le site ou les informations relatives \u00e0 l&rsquo;objet du site. Nous pouvons \u00e9galement utiliser des informations personnelles pour contacter les visiteurs et les clients autoris\u00e9s en r\u00e9ponse \u00e0 des demandes sp\u00e9cifiques ou pour fournir les renseignements demand\u00e9s.<\/p>\n<p>Avec qui les informations peuvent-elles \u00eatre partag\u00e9es?<\/p>\n<p>Les informations personnelles identifiables sur les clients autoris\u00e9s peuvent \u00eatre partag\u00e9es avec d&rsquo;autres clients autoris\u00e9s qui souhaitent \u00e9valuer les transactions potentielles avec d&rsquo;autres clients autoris\u00e9s. Nous pouvons partager des informations agr\u00e9g\u00e9es sur nos visiteurs, y compris la d\u00e9mographie de nos visiteurs et clients autoris\u00e9s, avec nos agences affili\u00e9es et les fournisseurs tiers. Nous offrons \u00e9galement la possibilit\u00e9 de \u00abrefuser\u00bb de recevoir des informations ou d&rsquo;\u00eatre contact\u00e9 par nous ou par tout organisme agissant en notre nom.<\/p>\n<p>Comment les renseignements personnels sont-ils enregistr\u00e9s?<\/p>\n<p>Les informations personnelles identifiables collect\u00e9es par DanseTutuDeluxe sont stock\u00e9es en toute s\u00e9curit\u00e9 et ne sont pas accessibles \u00e0 des tiers ou \u00e0 des employ\u00e9s de DanseTutuDeluxe, sauf pour l&rsquo;utilisation indiqu\u00e9e ci-dessus.<\/p>\n<p>Quels sont les choix offerts aux visiteurs concernant la collecte, l&rsquo;utilisation et la distribution de l&rsquo;information?<\/p>\n<p>Les visiteurs et les clients autoris\u00e9s peuvent choisir de ne pas recevoir d&rsquo;informations non sollicit\u00e9es de la part de nos fournisseurs ou de nos fournisseurs et de nos agences affili\u00e9es en r\u00e9pondant aux courriels suivant les instructions ou en nous contactant \u00e0 l&rsquo;\u00c9cole de danse TUTU Deluxe, 3785, rue Jean- QC H3R 2G4, Montr\u00e9al, CANADA<\/p>\n<p>Les cookies sont-ils utilis\u00e9s sur le site?<\/p>\n<p>Les cookies sont utilis\u00e9s pour diverses raisons. Nous utilisons des cookies pour obtenir des informations sur les pr\u00e9f\u00e9rences de nos visiteurs et les services qu&rsquo;ils s\u00e9lectionnent. Nous utilisons \u00e9galement des cookies pour des raisons de s\u00e9curit\u00e9 afin de prot\u00e9ger nos clients autoris\u00e9s. Par exemple, si un client autoris\u00e9 est connect\u00e9 et que le site n&rsquo;est pas utilis\u00e9 pendant plus de 10 minutes, le client autoris\u00e9 est automatiquement d\u00e9sactiv\u00e9.<\/p>\n<p>Comment DanseTutuDeluxe utilise-t-il les informations de connexion?<\/p>\n<p>DanseTutuDeluxe utilise des informations de connexion, y compris, mais sans s&rsquo;y limiter, les adresses IP, les FAI et les types de navigateur, pour analyser les tendances, administrer le Site, suivre le mouvement et l&rsquo;utilisation d&rsquo;un utilisateur et recueillir de larges informations d\u00e9mographiques.<\/p>\n<p>Quels partenaires ou fournisseurs de services ont acc\u00e8s aux informations personnelles identifiables des visiteurs et \/ ou des clients autoris\u00e9s sur le site?<\/p>\n<p>DanseTutuDeluxe a conclu et continuera de conclure des partenariats et d&rsquo;autres affiliations avec un certain nombre de fournisseurs. Ces fournisseurs peuvent avoir acc\u00e8s \u00e0 certaines informations personnelles identifiables sur une base n\u00e9cessaire \u00e0 l&rsquo;\u00e9valuation.<\/p>\n","protected":false},"excerpt":{"rendered":"<p>Politique de confidentialit\u00e9 Bienvenue sur http:\/\/www.dansetutudeluxe.com (le \u00ab\u00a0Site\u00a0\u00bb). Nous comprenons que la confidentialit\u00e9 en ligne est importante pour les utilisateurs de notre Site, en particulier lors de la conduite d&rsquo;affaires. Cette d\u00e9claration r\u00e9git nos politiques de confidentialit\u00e9 \u00e0 l&rsquo;\u00e9gard des utilisateurs du Site (Les \u00abVisiteurs\u00bb) qui se rendent sans faire affaire et les Visiteurs qui [&hellip;]<\/p>\n","protected":false},"author":1,"featured_media":0,"parent":0,"menu_order":0,"comment_status":"closed","ping_status":"closed","template":"","meta":[],"yoast_head":"<!-- This site is optimized with the Yoast SEO plugin v21.2 - https:\/\/yoast.com\/wordpress\/plugins\/seo\/ -->\n<title>Privacy Policy - Ballet School in Montreal-TUTU DELUXE<\/title>\n<meta name=\"robots\" content=\"index, follow, max-snippet:-1, max-image-preview:large, max-video-preview:-1\" \/>\n<link rel=\"canonical\" href=\"https:\/\/www.dansetutudeluxe.com\/fr\/privacy-policy\/\" \/>\n<meta property=\"og:locale\" content=\"fr_FR\" \/>\n<meta property=\"og:type\" content=\"article\" \/>\n<meta property=\"og:title\" content=\"Privacy Policy - Ballet School in Montreal-TUTU DELUXE\" \/>\n<meta property=\"og:description\" content=\"Politique de confidentialit\u00e9 Bienvenue sur http:\/\/www.dansetutudeluxe.com (le \u00ab\u00a0Site\u00a0\u00bb). Nous comprenons que la confidentialit\u00e9 en ligne est importante pour les utilisateurs de notre Site, en particulier lors de la conduite d&rsquo;affaires. Cette d\u00e9claration r\u00e9git nos politiques de confidentialit\u00e9 \u00e0 l&rsquo;\u00e9gard des utilisateurs du Site (Les \u00abVisiteurs\u00bb) qui se rendent sans faire affaire et les Visiteurs qui [&hellip;]\" \/>\n<meta property=\"og:url\" content=\"https:\/\/www.dansetutudeluxe.com\/privacy-policy\/\" \/>\n<meta property=\"og:site_name\" content=\"Ballet School in Montreal-TUTU DELUXE\" \/>\n<meta property=\"article:modified_time\" content=\"2017-03-12T13:14:56+00:00\" \/>\n<meta name=\"twitter:card\" content=\"summary_large_image\" \/>\n<meta name=\"twitter:label1\" content=\"Dur\u00e9e de lecture estim\u00e9e\" \/>\n\t<meta name=\"twitter:data1\" content=\"5 minutes\" \/>\n<script type=\"application\/ld+json\" class=\"yoast-schema-graph\">{\"@context\":\"https:\/\/schema.org\",\"@graph\":[{\"@type\":\"WebPage\",\"@id\":\"https:\/\/www.dansetutudeluxe.com\/privacy-policy\/\",\"url\":\"https:\/\/www.dansetutudeluxe.com\/privacy-policy\/\",\"name\":\"Privacy Policy - Ballet School in Montreal-TUTU DELUXE\",\"isPartOf\":{\"@id\":\"https:\/\/www.dansetutudeluxe.com\/#website\"},\"datePublished\":\"2017-03-12T13:06:46+00:00\",\"dateModified\":\"2017-03-12T13:14:56+00:00\",\"breadcrumb\":{\"@id\":\"https:\/\/www.dansetutudeluxe.com\/privacy-policy\/#breadcrumb\"},\"inLanguage\":\"fr-FR\",\"potentialAction\":[{\"@type\":\"ReadAction\",\"target\":[\"https:\/\/www.dansetutudeluxe.com\/privacy-policy\/\"]}]},{\"@type\":\"BreadcrumbList\",\"@id\":\"https:\/\/www.dansetutudeluxe.com\/privacy-policy\/#breadcrumb\",\"itemListElement\":[{\"@type\":\"ListItem\",\"position\":1,\"name\":\"Startseite\",\"item\":\"https:\/\/www.dansetutudeluxe.com\/\"},{\"@type\":\"ListItem\",\"position\":2,\"name\":\"Privacy Policy\"}]},{\"@type\":\"WebSite\",\"@id\":\"https:\/\/www.dansetutudeluxe.com\/#website\",\"url\":\"https:\/\/www.dansetutudeluxe.com\/\",\"name\":\"Ballet School in Montreal-TUTU DELUXE\",\"description\":\"\",\"potentialAction\":[{\"@type\":\"SearchAction\",\"target\":{\"@type\":\"EntryPoint\",\"urlTemplate\":\"https:\/\/www.dansetutudeluxe.com\/?s={search_term_string}\"},\"query-input\":\"required name=search_term_string\"}],\"inLanguage\":\"fr-FR\"}]}<\/script>\n<!-- \/ Yoast SEO plugin. -->","yoast_head_json":{"title":"Privacy Policy - Ballet School in Montreal-TUTU DELUXE","robots":{"index":"index","follow":"follow","max-snippet":"max-snippet:-1","max-image-preview":"max-image-preview:large","max-video-preview":"max-video-preview:-1"},"canonical":"https:\/\/www.dansetutudeluxe.com\/fr\/privacy-policy\/","og_locale":"fr_FR","og_type":"article","og_title":"Privacy Policy - Ballet School in Montreal-TUTU DELUXE","og_description":"Politique de confidentialit\u00e9 Bienvenue sur http:\/\/www.dansetutudeluxe.com (le \u00ab\u00a0Site\u00a0\u00bb). Nous comprenons que la confidentialit\u00e9 en ligne est importante pour les utilisateurs de notre Site, en particulier lors de la conduite d&rsquo;affaires. Cette d\u00e9claration r\u00e9git nos politiques de confidentialit\u00e9 \u00e0 l&rsquo;\u00e9gard des utilisateurs du Site (Les \u00abVisiteurs\u00bb) qui se rendent sans faire affaire et les Visiteurs qui [&hellip;]","og_url":"https:\/\/www.dansetutudeluxe.com\/privacy-policy\/","og_site_name":"Ballet School in Montreal-TUTU DELUXE","article_modified_time":"2017-03-12T13:14:56+00:00","twitter_card":"summary_large_image","twitter_misc":{"Dur\u00e9e de lecture estim\u00e9e":"5 minutes"},"schema":{"@context":"https:\/\/schema.org","@graph":[{"@type":"WebPage","@id":"https:\/\/www.dansetutudeluxe.com\/privacy-policy\/","url":"https:\/\/www.dansetutudeluxe.com\/privacy-policy\/","name":"Privacy Policy - Ballet School in Montreal-TUTU DELUXE","isPartOf":{"@id":"https:\/\/www.dansetutudeluxe.com\/#website"},"datePublished":"2017-03-12T13:06:46+00:00","dateModified":"2017-03-12T13:14:56+00:00","breadcrumb":{"@id":"https:\/\/www.dansetutudeluxe.com\/privacy-policy\/#breadcrumb"},"inLanguage":"fr-FR","potentialAction":[{"@type":"ReadAction","target":["https:\/\/www.dansetutudeluxe.com\/privacy-policy\/"]}]},{"@type":"BreadcrumbList","@id":"https:\/\/www.dansetutudeluxe.com\/privacy-policy\/#breadcrumb","itemListElement":[{"@type":"ListItem","position":1,"name":"Startseite","item":"https:\/\/www.dansetutudeluxe.com\/"},{"@type":"ListItem","position":2,"name":"Privacy Policy"}]},{"@type":"WebSite","@id":"https:\/\/www.dansetutudeluxe.com\/#website","url":"https:\/\/www.dansetutudeluxe.com\/","name":"Ballet School in Montreal-TUTU DELUXE","description":"","potentialAction":[{"@type":"SearchAction","target":{"@type":"EntryPoint","urlTemplate":"https:\/\/www.dansetutudeluxe.com\/?s={search_term_string}"},"query-input":"required name=search_term_string"}],"inLanguage":"fr-FR"}]}},"_links":{"self":[{"href":"https:\/\/www.dansetutudeluxe.com\/fr\/wp-json\/wp\/v2\/pages\/853"}],"collection":[{"href":"https:\/\/www.dansetutudeluxe.com\/fr\/wp-json\/wp\/v2\/pages"}],"about":[{"href":"https:\/\/www.dansetutudeluxe.com\/fr\/wp-json\/wp\/v2\/types\/page"}],"author":[{"embeddable":true,"href":"https:\/\/www.dansetutudeluxe.com\/fr\/wp-json\/wp\/v2\/users\/1"}],"replies":[{"embeddable":true,"href":"https:\/\/www.dansetutudeluxe.com\/fr\/wp-json\/wp\/v2\/comments?post=853"}],"version-history":[{"count":1,"href":"https:\/\/www.dansetutudeluxe.com\/fr\/wp-json\/wp\/v2\/pages\/853\/revisions"}],"predecessor-version":[{"id":864,"href":"https:\/\/www.dansetutudeluxe.com\/fr\/wp-json\/wp\/v2\/pages\/853\/revisions\/864"}],"wp:attachment":[{"href":"https:\/\/www.dansetutudeluxe.com\/fr\/wp-json\/wp\/v2\/media?parent=853"}],"curies":[{"name":"wp","href":"https:\/\/api.w.org\/{rel}","templated":true}]}}