{"id":852,"date":"2017-03-12T14:05:54","date_gmt":"2017-03-12T13:05:54","guid":{"rendered":"http:\/\/www.dansetutudeluxe.com\/terms-of-use\/"},"modified":"2020-08-26T14:21:26","modified_gmt":"2020-08-26T12:21:26","slug":"terms-of-use","status":"publish","type":"page","link":"https:\/\/www.dansetutudeluxe.com\/fr\/terms-of-use\/","title":{"rendered":"Terms of Use"},"content":{"rendered":"<p>Termes et conditions<\/p>\n<p>EFFET CONTRAIGNANT. Il s&rsquo;agit d&rsquo;un accord contraignant entre vous et DanseTutuDeluxe. En utilisant le site Internet http:\/\/www.dansetutudeluxe.com, vous acceptez de respecter les pr\u00e9sentes Conditions d&rsquo;utilisation. Si \u00e0 tout moment vous trouvez ces Conditions d&rsquo;utilisation inacceptables, vous devez quitter imm\u00e9diatement le Site et cesser toute utilisation de celui-ci.<\/p>\n<p>POLITIQUE DE CONFIDENTIALIT\u00c9. Nous respectons votre vie priv\u00e9e et vous permettons de contr\u00f4ler le traitement de vos informations personnelles. Vous trouverez un \u00e9nonc\u00e9 complet de notre politique de confidentialit\u00e9 en cliquant ici. Notre politique de confidentialit\u00e9 est express\u00e9ment int\u00e9gr\u00e9e \u00e0 la pr\u00e9sente convention par cette r\u00e9f\u00e9rence.<\/p>\n<p>DROIT APPLICABLE. Ce site est destin\u00e9 \u00e0 \u00eatre utilis\u00e9 par des personnes bas\u00e9es aux \u00c9tats-Unis d&rsquo;Am\u00e9rique et au Canada.<\/p>\n<p>\u00c2GE MINIMUM. Vous devez avoir au moins 18 ans pour acc\u00e9der et participer \u00e0 ce site. Vous garantissez et garantissez que vous avez au moins 18 ans et \u00eates en mesure de conclure le pr\u00e9sent Contrat d&rsquo;un point de vue juridique.<\/p>\n<p>EMAIL COMMUNICATIONS. Lorsque vous nous contactez, vous consentez express\u00e9ment et acceptez de recevoir des r\u00e9ponses par courrier \u00e9lectronique de notre part. Ces communications par courrier \u00e9lectronique peuvent \u00eatre de nature commerciale ou non commerciale. Les courriels non commerciaux peuvent inclure, mais sans s&rsquo;y limiter, des questions administratives et des annonces de modifications de ces Conditions, de la Politique de confidentialit\u00e9 ou d&rsquo;autres documents du site.<\/p>\n<p>CONTENU DE L&rsquo;UTILISATEUR. En publiant, en t\u00e9l\u00e9chargeant, en affichant, en diffusant, en diffusant ou en distribuant de l&rsquo;information ou tout autre contenu (\u00abcontenu utilisateur\u00bb) sur le site, vous accordez \u00e0 la Soci\u00e9t\u00e9, \u00e0 ses affili\u00e9s, \u00e0 ses dirigeants, \u00e0 ses employ\u00e9s, \u00e0 ses consultants, \u00e0 ses agents et \u00e0 ses repr\u00e9sentants un poste permanent , Une licence non exclusive d&rsquo;utilisation du Contenu Utilisateur pour le fonctionnement des activit\u00e9s Internet de la Soci\u00e9t\u00e9, de ses affili\u00e9s, de ses dirigeants, de ses dirigeants, de ses employ\u00e9s, de ses consultants, de ses mandataires et de ses repr\u00e9sentants, notamment le droit de copier, Publiquement afficher, ex\u00e9cuter publiquement, reproduire, \u00e9diter, traduire et reformater le contenu utilisateur. Vous ne serez pas indemnis\u00e9 pour le contenu de l&rsquo;utilisateur. Vous acceptez que la Soci\u00e9t\u00e9 puisse publier ou divulguer votre nom en relation avec votre Contenu Utilisateur. En affichant le Contenu Utilisateur sur le site, vous garantissez et repr\u00e9sentez que vous \u00eates propri\u00e9taire des droits sur le Contenu Utilisateur ou que vous \u00eates autoris\u00e9 \u00e0 publier, distribuer, afficher, ex\u00e9cuter, transmettre ou distribuer autrement Contenu Utilisateur.<\/p>\n<p>CONFORMIT\u00c9 AUX LOIS SUR LA PROPRI\u00c9T\u00c9 INTELLECTUELLE. Lorsque vous acc\u00e9dez au site, vous acceptez de respecter les droits de propri\u00e9t\u00e9 intellectuelle d&rsquo;autrui. Votre utilisation du site est en tout temps r\u00e9gie par et soumise aux lois concernant la propri\u00e9t\u00e9 du droit d&rsquo;auteur et l&rsquo;utilisation de la propri\u00e9t\u00e9 intellectuelle. Vous acceptez de ne pas t\u00e9l\u00e9charger, afficher, ex\u00e9cuter, transmettre ou diffuser autrement des informations ou du contenu (collectivement, \u00abContenu\u00bb) en violation des droits d&rsquo;auteur, des marques de commerce ou d&rsquo;autres droits de propri\u00e9t\u00e9 intellectuelle ou de propri\u00e9t\u00e9 intellectuelle de tiers. Vous acceptez de respecter les lois relatives \u00e0 la propri\u00e9t\u00e9 du droit d&rsquo;auteur et \u00e0 l&rsquo;utilisation de la propri\u00e9t\u00e9 intellectuelle et vous \u00eates seul responsable de toute violation de toute loi pertinente et de toute violation des droits de tiers caus\u00e9s par tout contenu que vous fournissez ou transmettez ou qui est fourni ou Transmises \u00e0 l&rsquo;aide de votre ID utilisateur. Le fardeau de prouver que tout contenu ne viole pas les lois ou les droits de tiers incombe uniquement \u00e0 vous. Toutes les questions li\u00e9es \u00e0 Digital Millennium Copyright Act sont trait\u00e9es conform\u00e9ment \u00e0 notre politique DMCA, \u00e0 laquelle vous pouvez acc\u00e9der via le lien DMCA au bas de la page.<\/p>\n<p>CONTENU INAPPROPRI\u00c9. Vous acceptez de ne pas t\u00e9l\u00e9charger, afficher, ex\u00e9cuter, transmettre ou distribuer tout Contenu qui (a) est diffamatoire, diffamatoire, obsc\u00e8ne, pornographique, abusif ou mena\u00e7ant; (B) pr\u00e9conise ou encourage une conduite qui pourrait constituer une infraction criminelle, donner lieu \u00e0 la responsabilit\u00e9 civile ou violer d&rsquo;une autre mani\u00e8re toute loi ou r\u00e8glement local, \u00e9tatique, national ou \u00e9tranger applicable; C) fait de la publicit\u00e9 ou sollicite autrement des fonds ou est une sollicitation pour des biens ou des services; Ou d) fournit des conseils m\u00e9dicaux \u00e0 d&rsquo;autres utilisateurs. La Compagnie se r\u00e9serve le droit de r\u00e9silier votre r\u00e9ception, transmission ou autre distribution d&rsquo;un tel mat\u00e9riel en utilisant le site et, le cas \u00e9ch\u00e9ant, de supprimer ce mat\u00e9riel de ses serveurs. La Soci\u00e9t\u00e9 entend coop\u00e9rer pleinement avec tous les responsables de l&rsquo;application de la loi ou les agences dans l&rsquo;enqu\u00eate sur toute violation des pr\u00e9sentes Conditions ou des lois applicables.<\/p>\n<p>CONFORMIT\u00c9 AUX LOIS SUR LA PROPRI\u00c9T\u00c9 INTELLECTUELLE. En acc\u00e9dant au Site, vous acceptez d&rsquo;ob\u00e9ir \u00e0 la loi et de respecter les droits de propri\u00e9t\u00e9 intellectuelle d&rsquo;autrui. Votre utilisation du Site est en tout temps r\u00e9gie et soumise aux lois concernant la propri\u00e9t\u00e9 des droits d&rsquo;auteur et l&rsquo;utilisation de la propri\u00e9t\u00e9 intellectuelle. Vous acceptez de ne pas t\u00e9l\u00e9charger, afficher, ex\u00e9cuter, transmettre ou diffuser autrement des informations ou du contenu (collectivement, \u00abContenu\u00bb) en violation des droits d&rsquo;auteur, des marques de commerce ou d&rsquo;autres droits de propri\u00e9t\u00e9 intellectuelle ou de propri\u00e9t\u00e9 intellectuelle de tiers. Vous acceptez de respecter les lois relatives \u00e0 la propri\u00e9t\u00e9 du droit d&rsquo;auteur et \u00e0 l&rsquo;utilisation de la propri\u00e9t\u00e9 intellectuelle et vous \u00eates seul responsable de toute violation de toute loi pertinente et de toute violation des droits de tiers caus\u00e9s par tout contenu que vous fournissez ou transmettez ou qui est fourni ou Transmises \u00e0 l&rsquo;aide de votre compte. Le fardeau de prouver que tout contenu ne viole pas les lois ou les droits de tiers incombe uniquement \u00e0 vous.<\/p>\n<p>AUCUNE GARANTIE. NOUS REJETONS TOUTE GARANTIE. NOUS FAISONS LE SITE DISPONIBLE \u00abEN L&rsquo;\u00c9TAT\u00bb SANS GARANTIE D&rsquo;AUCUNE SORTE. VOUS ASSUMEZ LE RISQUE DE TOUT ET TOUT DOMMAGE OU PERTE DE L&rsquo;UTILISATION OU DE L&rsquo;IMPOSSIBILIT\u00c9 D&rsquo;UTILISER LE SITE OU LE SERVICE. DANS TOUTE LA MESURE PERMISE PAR LA LOI, NOUS D\u00c9CLINONS EXPRESS\u00c9MENT TOUTE GARANTIE, EXPRESSE OU IMPLICITE, CONCERNANT LE SITE, Y COMPRIS, MAIS SANS S&rsquo;Y LIMITER, TOUTE GARANTIE IMPLICITE DE QUALIT\u00c9 MARCHANDE, D&rsquo;AD\u00c9QUATION \u00c0 UN USAGE PARTICULIER OU DE NON-CONTREFA\u00c7ON. NOUS NE GARANTISSONS PAS QUE LE SITE OU LE SERVICE R\u00c9PONDRA \u00c0 VOS EXIGENCES OU QUE L&rsquo;UTILISATION DU SITE OU DU SERVICE SERA ININTERROMPUE OU SANS ERREUR.<\/p>\n<p>RESPONSABILIT\u00c9 LIMIT\u00c9E. NOTRE RESPONSABILIT\u00c9 \u00c0 VOUS EST LIMIT\u00c9E. DANS LA MESURE MAXIMALE AUTORIS\u00c9E PAR LA LOI, EN AUCUN CAS, NOUS NE SERONS TENUS RESPONSABLES DES DOMMAGES DE TOUTE NATURE (Y COMPRIS, MAIS SANS S&rsquo;Y LIMITER, LES DOMMAGES SP\u00c9CIAUX, ACCESSOIRES OU CONS\u00c9CUTIFS, LES PERTES DE B\u00c9N\u00c9FICES OU LES DONN\u00c9ES PERDUES, QUEL QU&rsquo;IL SOIT LA FORESIBILIT\u00c9 DE CES DOMMAGES ) D\u00c9COULANT DE L&rsquo;UTILISATION DU SITE OU DE TOUT AUTRE MAT\u00c9RIEL OU SERVICE FOURNI \u00c0 VOUS PAR LES \u00c9TATS-UNIS. Cette limitation s&rsquo;applique ind\u00e9pendamment du fait que les dommages r\u00e9sultent d&rsquo;une rupture de contrat, d&rsquo;un d\u00e9lit civil ou de toute autre th\u00e9orie juridique ou forme d&rsquo;action.<\/p>\n<p>SITES AFFILI\u00c9S. Nous n&rsquo;avons aucun contr\u00f4le sur et aucune responsabilit\u00e9 pour les sites Web ou les mat\u00e9riaux tiers. Nous travaillons avec un certain nombre de partenaires dont les sites Internet peuvent \u00eatre li\u00e9s au Site. Parce que nous n&rsquo;avons aucun contr\u00f4le sur le contenu et les performances de ces sites partenaires et affili\u00e9s, nous ne garantissons pas l&rsquo;exactitude, la monnaie, le contenu ou la qualit\u00e9 des informations fournies par ces sites, et nous n&rsquo;assumons aucune responsabilit\u00e9 pour ce qui est impr\u00e9vu, , Trompeur ou contenu ill\u00e9gal qui peut r\u00e9sider sur ces sites. De m\u00eame, de temps \u00e0 autre, en relation avec votre utilisation du Site, vous pouvez avoir acc\u00e8s \u00e0 des \u00e9l\u00e9ments de contenu (y compris, mais sans s&rsquo;y limiter, des sites Web) qui appartiennent \u00e0 des tiers. Vous reconnaissez et acceptez que nous n&rsquo;assumons aucune responsabilit\u00e9 quant \u00e0 l&rsquo;exactitude, \u00e0 la monnaie, au contenu ou \u00e0 la qualit\u00e9 de ce contenu tiers et que, sauf disposition contraire expresse, les pr\u00e9sentes conditions d&rsquo;utilisation r\u00e9giront votre utilisation de tout Et tout contenu tiers.<\/p>\n<p>UTILISATIONS INTERDITES. Nous imposons certaines restrictions \u00e0 votre utilisation autoris\u00e9e du Site. Vous \u00eates interdit de violer ou de tenter de violer les fonctionnalit\u00e9s de s\u00e9curit\u00e9 du site, y compris, sans s&rsquo;y limiter: (a) acc\u00e9der \u00e0 du contenu ou des donn\u00e9es qui ne vous sont pas destin\u00e9s, ou vous connecter \u00e0 un serveur ou un compte auquel vous n&rsquo;\u00eates pas autoris\u00e9; (B) tenter de sonder, analyser ou tester la vuln\u00e9rabilit\u00e9 du Site, ou de tout syst\u00e8me ou r\u00e9seau associ\u00e9, ou de violer les mesures de s\u00e9curit\u00e9 ou d&rsquo;authentification sans autorisation appropri\u00e9e; (C) interf\u00e9rer ou tenter d&rsquo;interf\u00e9rer avec le service \u00e0 tout utilisateur, h\u00f4te ou r\u00e9seau, y compris, sans limitation, par la soumission d&rsquo;un virus sur le Site, surcharge, \u00ab\u00a0inondation\u00a0\u00bb, \u00ab\u00a0spamming\u00a0\u00bb, \u00ab\u00a0mail bombing\u00a0\u00bb, \u00a0\u00bb S&rsquo;\u00e9craser \u00ab\u00a0ou instituer une attaque\u00a0\u00bb DDOS \u00ab\u00a0sur le Site; (D) utiliser le Site pour envoyer des courriels non sollicit\u00e9s, y compris, sans limitation, des promotions ou des annonces de produits ou de services; (E) forger tout en-t\u00eate de paquet TCP \/ IP ou toute partie des informations d&rsquo;en-t\u00eate dans tout courrier \u00e9lectronique ou dans toute publication utilisant le Site; Ou (f) tenter de modifier, de proc\u00e9der \u00e0 une ing\u00e9nierie inverse, de d\u00e9compiler, de d\u00e9sassembler ou de r\u00e9duire d&rsquo;une autre mani\u00e8re ou de tenter de r\u00e9duire \u00e0 une forme perceptible par l&rsquo;homme tout code source utilis\u00e9 par nous pour fournir le Site. Toute violation de la s\u00e9curit\u00e9 du syst\u00e8me ou du r\u00e9seau peut vous exposer \u00e0 une responsabilit\u00e9 civile et \/ ou p\u00e9nale.<\/p>\n<p>INDEMNIT\u00c9. Vous acceptez de nous indemniser pour certains de vos actes et omissions. Vous acceptez d&rsquo;indemniser, de d\u00e9fendre et de tenir indemnes la Soci\u00e9t\u00e9, ses affili\u00e9s, dirigeants, administrateurs, employ\u00e9s, consultants, agents et repr\u00e9sentants de toute r\u00e9clamation, perte, responsabilit\u00e9, dommage et \/ ou co\u00fbts (y compris les honoraires d&rsquo;avocat raisonnables Et les co\u00fbts) d\u00e9coulant de votre acc\u00e8s ou de l&rsquo;utilisation du Site, de votre violation des pr\u00e9sentes Conditions d&rsquo;utilisation ou de votre infraction, ou i<\/p>\n<p>&nbsp;<\/p>\n<p>En cas de pand\u00e9mie ou d&rsquo;\u00e9pid\u00e9mie entra\u00eenant une quarantaine \/ un verrouillage, tous nos cours pour les 5 ans et plus auront lieu sur Zoom. Les \u00e9l\u00e8ves des classes de 2 \u00e0 4 ans seront cr\u00e9dit\u00e9s pour la prochaine session au studio suivant. Aucun remboursement applicable sauf dans les 14 jours suivant le paiement.<\/p>\n<p>La juridiction est Montr\u00e9al \/ Canada<\/p>\n","protected":false},"excerpt":{"rendered":"<p>Termes et conditions EFFET CONTRAIGNANT. Il s&rsquo;agit d&rsquo;un accord contraignant entre vous et DanseTutuDeluxe. En utilisant le site Internet http:\/\/www.dansetutudeluxe.com, vous acceptez de respecter les pr\u00e9sentes Conditions d&rsquo;utilisation. Si \u00e0 tout moment vous trouvez ces Conditions d&rsquo;utilisation inacceptables, vous devez quitter imm\u00e9diatement le Site et cesser toute utilisation de celui-ci. POLITIQUE DE CONFIDENTIALIT\u00c9. Nous respectons [&hellip;]<\/p>\n","protected":false},"author":1,"featured_media":0,"parent":0,"menu_order":0,"comment_status":"closed","ping_status":"closed","template":"","meta":[],"yoast_head":"<!-- This site is optimized with the Yoast SEO plugin v21.2 - https:\/\/yoast.com\/wordpress\/plugins\/seo\/ -->\n<title>Terms of Use - Ballet School in Montreal-TUTU DELUXE<\/title>\n<meta name=\"robots\" content=\"index, follow, max-snippet:-1, max-image-preview:large, max-video-preview:-1\" \/>\n<link rel=\"canonical\" href=\"https:\/\/www.dansetutudeluxe.com\/fr\/terms-of-use\/\" \/>\n<meta property=\"og:locale\" content=\"fr_FR\" \/>\n<meta property=\"og:type\" content=\"article\" \/>\n<meta property=\"og:title\" content=\"Terms of Use - Ballet School in Montreal-TUTU DELUXE\" \/>\n<meta property=\"og:description\" content=\"Termes et conditions EFFET CONTRAIGNANT. Il s&rsquo;agit d&rsquo;un accord contraignant entre vous et DanseTutuDeluxe. En utilisant le site Internet http:\/\/www.dansetutudeluxe.com, vous acceptez de respecter les pr\u00e9sentes Conditions d&rsquo;utilisation. Si \u00e0 tout moment vous trouvez ces Conditions d&rsquo;utilisation inacceptables, vous devez quitter imm\u00e9diatement le Site et cesser toute utilisation de celui-ci. POLITIQUE DE CONFIDENTIALIT\u00c9. Nous respectons [&hellip;]\" \/>\n<meta property=\"og:url\" content=\"https:\/\/www.dansetutudeluxe.com\/fr\/terms-of-use\/\" \/>\n<meta property=\"og:site_name\" content=\"Ballet School in Montreal-TUTU DELUXE\" \/>\n<meta property=\"article:modified_time\" content=\"2020-08-26T12:21:26+00:00\" \/>\n<meta name=\"twitter:card\" content=\"summary_large_image\" \/>\n<meta name=\"twitter:label1\" content=\"Dur\u00e9e de lecture estim\u00e9e\" \/>\n\t<meta name=\"twitter:data1\" content=\"9 minutes\" \/>\n<script type=\"application\/ld+json\" class=\"yoast-schema-graph\">{\"@context\":\"https:\/\/schema.org\",\"@graph\":[{\"@type\":\"WebPage\",\"@id\":\"https:\/\/www.dansetutudeluxe.com\/fr\/terms-of-use\/\",\"url\":\"https:\/\/www.dansetutudeluxe.com\/fr\/terms-of-use\/\",\"name\":\"Terms of Use - Ballet School in Montreal-TUTU DELUXE\",\"isPartOf\":{\"@id\":\"https:\/\/www.dansetutudeluxe.com\/#website\"},\"datePublished\":\"2017-03-12T13:05:54+00:00\",\"dateModified\":\"2020-08-26T12:21:26+00:00\",\"breadcrumb\":{\"@id\":\"https:\/\/www.dansetutudeluxe.com\/fr\/terms-of-use\/#breadcrumb\"},\"inLanguage\":\"fr-FR\",\"potentialAction\":[{\"@type\":\"ReadAction\",\"target\":[\"https:\/\/www.dansetutudeluxe.com\/fr\/terms-of-use\/\"]}]},{\"@type\":\"BreadcrumbList\",\"@id\":\"https:\/\/www.dansetutudeluxe.com\/fr\/terms-of-use\/#breadcrumb\",\"itemListElement\":[{\"@type\":\"ListItem\",\"position\":1,\"name\":\"Startseite\",\"item\":\"https:\/\/www.dansetutudeluxe.com\/\"},{\"@type\":\"ListItem\",\"position\":2,\"name\":\"Terms of Use\"}]},{\"@type\":\"WebSite\",\"@id\":\"https:\/\/www.dansetutudeluxe.com\/#website\",\"url\":\"https:\/\/www.dansetutudeluxe.com\/\",\"name\":\"Ballet School in Montreal-TUTU DELUXE\",\"description\":\"\",\"potentialAction\":[{\"@type\":\"SearchAction\",\"target\":{\"@type\":\"EntryPoint\",\"urlTemplate\":\"https:\/\/www.dansetutudeluxe.com\/?s={search_term_string}\"},\"query-input\":\"required name=search_term_string\"}],\"inLanguage\":\"fr-FR\"}]}<\/script>\n<!-- \/ Yoast SEO plugin. -->","yoast_head_json":{"title":"Terms of Use - Ballet School in Montreal-TUTU DELUXE","robots":{"index":"index","follow":"follow","max-snippet":"max-snippet:-1","max-image-preview":"max-image-preview:large","max-video-preview":"max-video-preview:-1"},"canonical":"https:\/\/www.dansetutudeluxe.com\/fr\/terms-of-use\/","og_locale":"fr_FR","og_type":"article","og_title":"Terms of Use - Ballet School in Montreal-TUTU DELUXE","og_description":"Termes et conditions EFFET CONTRAIGNANT. Il s&rsquo;agit d&rsquo;un accord contraignant entre vous et DanseTutuDeluxe. En utilisant le site Internet http:\/\/www.dansetutudeluxe.com, vous acceptez de respecter les pr\u00e9sentes Conditions d&rsquo;utilisation. Si \u00e0 tout moment vous trouvez ces Conditions d&rsquo;utilisation inacceptables, vous devez quitter imm\u00e9diatement le Site et cesser toute utilisation de celui-ci. POLITIQUE DE CONFIDENTIALIT\u00c9. Nous respectons [&hellip;]","og_url":"https:\/\/www.dansetutudeluxe.com\/fr\/terms-of-use\/","og_site_name":"Ballet School in Montreal-TUTU DELUXE","article_modified_time":"2020-08-26T12:21:26+00:00","twitter_card":"summary_large_image","twitter_misc":{"Dur\u00e9e de lecture estim\u00e9e":"9 minutes"},"schema":{"@context":"https:\/\/schema.org","@graph":[{"@type":"WebPage","@id":"https:\/\/www.dansetutudeluxe.com\/fr\/terms-of-use\/","url":"https:\/\/www.dansetutudeluxe.com\/fr\/terms-of-use\/","name":"Terms of Use - Ballet School in Montreal-TUTU DELUXE","isPartOf":{"@id":"https:\/\/www.dansetutudeluxe.com\/#website"},"datePublished":"2017-03-12T13:05:54+00:00","dateModified":"2020-08-26T12:21:26+00:00","breadcrumb":{"@id":"https:\/\/www.dansetutudeluxe.com\/fr\/terms-of-use\/#breadcrumb"},"inLanguage":"fr-FR","potentialAction":[{"@type":"ReadAction","target":["https:\/\/www.dansetutudeluxe.com\/fr\/terms-of-use\/"]}]},{"@type":"BreadcrumbList","@id":"https:\/\/www.dansetutudeluxe.com\/fr\/terms-of-use\/#breadcrumb","itemListElement":[{"@type":"ListItem","position":1,"name":"Startseite","item":"https:\/\/www.dansetutudeluxe.com\/"},{"@type":"ListItem","position":2,"name":"Terms of Use"}]},{"@type":"WebSite","@id":"https:\/\/www.dansetutudeluxe.com\/#website","url":"https:\/\/www.dansetutudeluxe.com\/","name":"Ballet School in Montreal-TUTU DELUXE","description":"","potentialAction":[{"@type":"SearchAction","target":{"@type":"EntryPoint","urlTemplate":"https:\/\/www.dansetutudeluxe.com\/?s={search_term_string}"},"query-input":"required name=search_term_string"}],"inLanguage":"fr-FR"}]}},"_links":{"self":[{"href":"https:\/\/www.dansetutudeluxe.com\/fr\/wp-json\/wp\/v2\/pages\/852"}],"collection":[{"href":"https:\/\/www.dansetutudeluxe.com\/fr\/wp-json\/wp\/v2\/pages"}],"about":[{"href":"https:\/\/www.dansetutudeluxe.com\/fr\/wp-json\/wp\/v2\/types\/page"}],"author":[{"embeddable":true,"href":"https:\/\/www.dansetutudeluxe.com\/fr\/wp-json\/wp\/v2\/users\/1"}],"replies":[{"embeddable":true,"href":"https:\/\/www.dansetutudeluxe.com\/fr\/wp-json\/wp\/v2\/comments?post=852"}],"version-history":[{"count":6,"href":"https:\/\/www.dansetutudeluxe.com\/fr\/wp-json\/wp\/v2\/pages\/852\/revisions"}],"predecessor-version":[{"id":1640,"href":"https:\/\/www.dansetutudeluxe.com\/fr\/wp-json\/wp\/v2\/pages\/852\/revisions\/1640"}],"wp:attachment":[{"href":"https:\/\/www.dansetutudeluxe.com\/fr\/wp-json\/wp\/v2\/media?parent=852"}],"curies":[{"name":"wp","href":"https:\/\/api.w.org\/{rel}","templated":true}]}}