{"id":30,"date":"2017-01-15T14:14:56","date_gmt":"2017-01-15T13:14:56","guid":{"rendered":"http:\/\/www.dansetutudeluxe.com\/?page_id=30"},"modified":"2020-09-27T18:41:44","modified_gmt":"2020-09-27T16:41:44","slug":"our-mission","status":"publish","type":"page","link":"https:\/\/www.dansetutudeluxe.com\/fr\/our-mission\/","title":{"rendered":"Notre mission"},"content":{"rendered":"<div id='av-layout-grid-1'  class='av-layout-grid-container entry-content-wrapper main_color av-flex-cells     avia-builder-el-0  el_before_av_image  avia-builder-el-first  container_wrap sidebar_right' style=' '  >\n<div class=\"flex_cell no_margin av_one_full  avia-builder-el-1  avia-builder-el-no-sibling   \"  style='vertical-align:top; padding:30px; ' ><div class='flex_cell_inner' ><p><div  style='padding-bottom:20px; ' class='av-special-heading av-special-heading-h1  blockquote modern-quote modern-centered  avia-builder-el-2  el_before_av_hr  avia-builder-el-first  av-thin-font '><h1 class='av-special-heading-tag '  itemprop=\"headline\"  ><strong>NOTRE &#8211; MISSION<\/strong><\/h1><div class='special-heading-border'><div class='special-heading-inner-border' ><\/div><\/div><\/div><br \/>\n<div  style=' margin-top:10px; margin-bottom:30px;'  class='hr hr-custom hr-center hr-icon-yes   avia-builder-el-3  el_after_av_heading  avia-builder-el-last '><span class='hr-inner   inner-border-av-border-thin' style=' width:100px; border-color:#78dbe2;' ><span class='hr-inner-style'><\/span><\/span><span class='av-seperator-icon'  aria-hidden='true' data-av_icon='\ue806' data-av_iconfont='entypo-fontello'><\/span><span class='hr-inner   inner-border-av-border-thin' style=' width:100px; border-color:#78dbe2;' ><span class='hr-inner-style'><\/span><\/span><\/div><\/p>\n<\/div><\/div><\/div><div id='after_submenu_1'  class='main_color av_default_container_wrap container_wrap sidebar_right' style=' '  ><div class='container' ><div class='template-page content  av-content-small alpha units'><div class='post-entry post-entry-type-page post-entry-30'><div class='entry-content-wrapper clearfix'><div  class='avia-image-container  av-styling- av-hover-grow   avia-builder-el-4  el_after_av_layout_row  el_before_av_hr  avia-builder-el-first  avia-align-center '  itemprop=\"image\" itemscope=\"itemscope\" itemtype=\"https:\/\/schema.org\/ImageObject\"  ><div class='avia-image-container-inner'><div class='avia-image-overlay-wrap'><img class='avia_image' src='https:\/\/www.dansetutudeluxe.com\/wp-content\/uploads\/2017\/01\/DSC_3469-1-Kopie-2.jpg' alt='' title='DSC_3469 (1) Kopie 2' height=\"899\" width=\"1280\"  itemprop=\"thumbnailUrl\"  \/><\/div><\/div><\/div><\/p>\n<div  style=' margin-top:10px; margin-bottom:30px;'  class='hr hr-custom hr-center hr-icon-yes   avia-builder-el-5  el_after_av_image  el_before_av_textblock '><span class='hr-inner   inner-border-av-border-thin' style=' width:100px; border-color:#78dbe2;' ><span class='hr-inner-style'><\/span><\/span><span class='av-seperator-icon'  aria-hidden='true' data-av_icon='\ue806' data-av_iconfont='entypo-fontello'><\/span><span class='hr-inner   inner-border-av-border-thin' style=' width:100px; border-color:#78dbe2;' ><span class='hr-inner-style'><\/span><\/span><\/div>\n<section class=\"av_textblock_section \"  itemscope=\"itemscope\" itemtype=\"https:\/\/schema.org\/CreativeWork\" ><div class='avia_textblock  av_inherit_color '  style='color:#000000; '  itemprop=\"text\" ><p style=\"text-align: center;\"><strong>Nous r\u00e9ussissons dans la vie par ce que nous obtenons, mais nous r\u00e9ussissons une vie par ce que nous donnons. &#8211; Winston Churchill.<\/strong><\/p>\n<p style=\"text-align: center;\"><strong>Nous nous consid\u00e9rons tr\u00e8s chanceux d\u2019avoir \u00e9t\u00e9 danseurs professionnels durant plus de 20 ans. Une carri\u00e8re magnifique, avec beaucoup de d\u00e9fis et de r\u00e9compenses. Nous avons eu la chance de vivre selon un mode de vie de performances, d\u2019entrainements, de tourn\u00e9es, d\u2019applaudissements, d\u2019appr\u00e9ciations et d\u2019ovations. Nous avons travaill\u00e9 avec les artistes et chor\u00e9graphes les plus talentueux et reconnus de notre \u00e9poque et de notre genre. Ils nous ont aid\u00e9s et guid\u00e9s \u00e0 accomplir notre grand r\u00eave de DANSER et de vivre notre passion \u00e0 son plein potentiel.<\/strong><\/p>\n<p style=\"text-align: center;\"><strong>Maintenant, c\u2019est \u00e0 notre tour de rendre la pareille ! Nous souhaitons enseigner et guider la future g\u00e9n\u00e9ration, les aider \u00e0 atteindre leurs buts tout comme nous, et les aid\u00e9s \u00e0 rendre leur r\u00eave de danser, une r\u00e9alit\u00e9.<\/strong><\/p>\n<\/div><\/section>\n","protected":false},"excerpt":{"rendered":"","protected":false},"author":1,"featured_media":0,"parent":0,"menu_order":0,"comment_status":"closed","ping_status":"closed","template":"","meta":[],"yoast_head":"<!-- This site is optimized with the Yoast SEO plugin v21.2 - https:\/\/yoast.com\/wordpress\/plugins\/seo\/ -->\n<title>Notre mission - Ballet School in Montreal-TUTU DELUXE<\/title>\n<meta name=\"robots\" content=\"index, follow, max-snippet:-1, max-image-preview:large, max-video-preview:-1\" \/>\n<link rel=\"canonical\" href=\"https:\/\/www.dansetutudeluxe.com\/fr\/our-mission\/\" \/>\n<meta property=\"og:locale\" content=\"fr_FR\" \/>\n<meta property=\"og:type\" content=\"article\" \/>\n<meta property=\"og:title\" content=\"Notre mission - Ballet School in Montreal-TUTU DELUXE\" \/>\n<meta property=\"og:url\" content=\"https:\/\/www.dansetutudeluxe.com\/our-mission\/\" \/>\n<meta property=\"og:site_name\" content=\"Ballet School in Montreal-TUTU DELUXE\" \/>\n<meta property=\"article:modified_time\" content=\"2020-09-27T16:41:44+00:00\" \/>\n<meta name=\"twitter:card\" content=\"summary_large_image\" \/>\n<meta name=\"twitter:label1\" content=\"Dur\u00e9e de lecture estim\u00e9e\" \/>\n\t<meta name=\"twitter:data1\" content=\"2 minutes\" \/>\n<script type=\"application\/ld+json\" class=\"yoast-schema-graph\">{\"@context\":\"https:\/\/schema.org\",\"@graph\":[{\"@type\":\"WebPage\",\"@id\":\"https:\/\/www.dansetutudeluxe.com\/our-mission\/\",\"url\":\"https:\/\/www.dansetutudeluxe.com\/our-mission\/\",\"name\":\"Notre mission - Ballet School in Montreal-TUTU DELUXE\",\"isPartOf\":{\"@id\":\"https:\/\/www.dansetutudeluxe.com\/#website\"},\"datePublished\":\"2017-01-15T13:14:56+00:00\",\"dateModified\":\"2020-09-27T16:41:44+00:00\",\"breadcrumb\":{\"@id\":\"https:\/\/www.dansetutudeluxe.com\/our-mission\/#breadcrumb\"},\"inLanguage\":\"fr-FR\",\"potentialAction\":[{\"@type\":\"ReadAction\",\"target\":[\"https:\/\/www.dansetutudeluxe.com\/our-mission\/\"]}]},{\"@type\":\"BreadcrumbList\",\"@id\":\"https:\/\/www.dansetutudeluxe.com\/our-mission\/#breadcrumb\",\"itemListElement\":[{\"@type\":\"ListItem\",\"position\":1,\"name\":\"Startseite\",\"item\":\"https:\/\/www.dansetutudeluxe.com\/\"},{\"@type\":\"ListItem\",\"position\":2,\"name\":\"Notre mission\"}]},{\"@type\":\"WebSite\",\"@id\":\"https:\/\/www.dansetutudeluxe.com\/#website\",\"url\":\"https:\/\/www.dansetutudeluxe.com\/\",\"name\":\"Ballet School in Montreal-TUTU DELUXE\",\"description\":\"\",\"potentialAction\":[{\"@type\":\"SearchAction\",\"target\":{\"@type\":\"EntryPoint\",\"urlTemplate\":\"https:\/\/www.dansetutudeluxe.com\/?s={search_term_string}\"},\"query-input\":\"required name=search_term_string\"}],\"inLanguage\":\"fr-FR\"}]}<\/script>\n<!-- \/ Yoast SEO plugin. -->","yoast_head_json":{"title":"Notre mission - Ballet School in Montreal-TUTU DELUXE","robots":{"index":"index","follow":"follow","max-snippet":"max-snippet:-1","max-image-preview":"max-image-preview:large","max-video-preview":"max-video-preview:-1"},"canonical":"https:\/\/www.dansetutudeluxe.com\/fr\/our-mission\/","og_locale":"fr_FR","og_type":"article","og_title":"Notre mission - Ballet School in Montreal-TUTU DELUXE","og_url":"https:\/\/www.dansetutudeluxe.com\/our-mission\/","og_site_name":"Ballet School in Montreal-TUTU DELUXE","article_modified_time":"2020-09-27T16:41:44+00:00","twitter_card":"summary_large_image","twitter_misc":{"Dur\u00e9e de lecture estim\u00e9e":"2 minutes"},"schema":{"@context":"https:\/\/schema.org","@graph":[{"@type":"WebPage","@id":"https:\/\/www.dansetutudeluxe.com\/our-mission\/","url":"https:\/\/www.dansetutudeluxe.com\/our-mission\/","name":"Notre mission - Ballet School in Montreal-TUTU DELUXE","isPartOf":{"@id":"https:\/\/www.dansetutudeluxe.com\/#website"},"datePublished":"2017-01-15T13:14:56+00:00","dateModified":"2020-09-27T16:41:44+00:00","breadcrumb":{"@id":"https:\/\/www.dansetutudeluxe.com\/our-mission\/#breadcrumb"},"inLanguage":"fr-FR","potentialAction":[{"@type":"ReadAction","target":["https:\/\/www.dansetutudeluxe.com\/our-mission\/"]}]},{"@type":"BreadcrumbList","@id":"https:\/\/www.dansetutudeluxe.com\/our-mission\/#breadcrumb","itemListElement":[{"@type":"ListItem","position":1,"name":"Startseite","item":"https:\/\/www.dansetutudeluxe.com\/"},{"@type":"ListItem","position":2,"name":"Notre mission"}]},{"@type":"WebSite","@id":"https:\/\/www.dansetutudeluxe.com\/#website","url":"https:\/\/www.dansetutudeluxe.com\/","name":"Ballet School in Montreal-TUTU DELUXE","description":"","potentialAction":[{"@type":"SearchAction","target":{"@type":"EntryPoint","urlTemplate":"https:\/\/www.dansetutudeluxe.com\/?s={search_term_string}"},"query-input":"required name=search_term_string"}],"inLanguage":"fr-FR"}]}},"_links":{"self":[{"href":"https:\/\/www.dansetutudeluxe.com\/fr\/wp-json\/wp\/v2\/pages\/30"}],"collection":[{"href":"https:\/\/www.dansetutudeluxe.com\/fr\/wp-json\/wp\/v2\/pages"}],"about":[{"href":"https:\/\/www.dansetutudeluxe.com\/fr\/wp-json\/wp\/v2\/types\/page"}],"author":[{"embeddable":true,"href":"https:\/\/www.dansetutudeluxe.com\/fr\/wp-json\/wp\/v2\/users\/1"}],"replies":[{"embeddable":true,"href":"https:\/\/www.dansetutudeluxe.com\/fr\/wp-json\/wp\/v2\/comments?post=30"}],"version-history":[{"count":17,"href":"https:\/\/www.dansetutudeluxe.com\/fr\/wp-json\/wp\/v2\/pages\/30\/revisions"}],"predecessor-version":[{"id":1813,"href":"https:\/\/www.dansetutudeluxe.com\/fr\/wp-json\/wp\/v2\/pages\/30\/revisions\/1813"}],"wp:attachment":[{"href":"https:\/\/www.dansetutudeluxe.com\/fr\/wp-json\/wp\/v2\/media?parent=30"}],"curies":[{"name":"wp","href":"https:\/\/api.w.org\/{rel}","templated":true}]}}