{"id":2495,"date":"2024-11-22T07:43:07","date_gmt":"2024-11-22T06:43:07","guid":{"rendered":"https:\/\/www.dansetutudeluxe.com\/?page_id=2495"},"modified":"2024-11-22T07:45:45","modified_gmt":"2024-11-22T06:45:45","slug":"enfants","status":"publish","type":"page","link":"https:\/\/www.dansetutudeluxe.com\/fr\/enfants\/","title":{"rendered":"Enfants"},"content":{"rendered":"<div id='av-layout-grid-1'  class='av-layout-grid-container entry-content-wrapper main_color av-flex-cells     avia-builder-el-0  avia-builder-el-no-sibling  container_wrap sidebar_right' style=' '  >\n<div class=\"flex_cell no_margin av_one_fifth  avia-builder-el-1  el_before_av_cell_three_fifth  avia-builder-el-first   \"  style='background: #d3f0f2; vertical-align:top; padding:30px; background-color:#d3f0f2; ' ><div class='flex_cell_inner' ><\/div><\/div><div class=\"flex_cell no_margin av_three_fifth  avia-builder-el-2  el_after_av_cell_one_fifth  el_before_av_cell_one_fifth   \" ><div class='flex_cell_inner' ><p><div  style='padding-bottom:10px; ' class='av-special-heading av-special-heading-h1  blockquote modern-quote modern-centered  avia-builder-el-3  el_before_av_hr  avia-builder-el-first  av-thin-font '><h1 class='av-special-heading-tag '  itemprop=\"headline\"  ><strong>E N F A N T S<\/strong><\/h1><div class='special-heading-border'><div class='special-heading-inner-border' ><\/div><\/div><\/div><br \/>\n<div  style=' margin-top:30px; margin-bottom:30px;'  class='hr hr-custom hr-center hr-icon-yes   avia-builder-el-4  el_after_av_heading  el_before_av_video '><span class='hr-inner   inner-border-av-border-fat' style=' width:100px; border-color:#78dbe2;' ><span class='hr-inner-style'><\/span><\/span><span class='av-seperator-icon'  aria-hidden='true' data-av_icon='\ue806' data-av_iconfont='entypo-fontello'><\/span><span class='hr-inner   inner-border-av-border-fat' style=' width:100px; border-color:#78dbe2;' ><span class='hr-inner-style'><\/span><\/span><\/div><br \/>\n<div  class='avia-video avia-video-16-9 avia-video-html5  '   itemprop=\"video\" itemtype=\"https:\/\/schema.org\/VideoObject\"  data-original_url='https:\/\/www.dansetutudeluxe.com\/wp-content\/uploads\/2023\/08\/Klein-Final-promo-video-2023-Nicolas.mp4' ><video class='avia_video'  autoplay loop preload=\"metadata\" muted controls id='player_2495_333728316_1401005007'><source src=\"https:\/\/www.dansetutudeluxe.com\/wp-content\/uploads\/2023\/08\/Klein-Final-promo-video-2023-Nicolas.mp4\" type=\"video\/mp4\" \/><\/video><\/div><br \/>\n<section class=\"av_textblock_section \"  itemscope=\"itemscope\" itemtype=\"https:\/\/schema.org\/CreativeWork\" ><div class='avia_textblock  av_inherit_color '   itemprop=\"text\" ><h3><strong><span style=\"color: #78dbe2;\">Parent &amp; Moi (2 ans)<\/span><\/strong><\/h3>\n<p>Faites d\u00e9couvrir \u00e0 votre tout-petit le monde magique du ballet dans notre cours de ballet pour b\u00e9b\u00e9 con\u00e7u pour les tout-petits de 2 ans et leur parent ou tuteur. Ce programme amusant et engageant vise \u00e0 nourrir l&rsquo;amour du mouvement \u00e0 travers le jeu imaginatif, la musique et des techniques de ballet simples. Ce cours int\u00e8gre des jeux et des contes pour encourager l&rsquo;expression de soi et la conscience corporelle. Des positions et des mouvements de ballet simples sont introduits de mani\u00e8re ludique, aidant \u00e0 d\u00e9velopper la coordination et l&rsquo;\u00e9quilibre. Les enfants apprendront \u00e0 \u00e9couter et \u00e0 r\u00e9agir \u00e0 la musique, favorisant le rythme et le timing. Les activit\u00e9s de groupe favorisent le travail d&rsquo;\u00e9quipe et renforcent la confiance en soi lorsque les enfants dansent ensemble. Les parents ou les tuteurs sont encourag\u00e9s \u00e0 participer, cr\u00e9ant ainsi un environnement favorable o\u00f9 les petits danseurs peuvent s&rsquo;\u00e9panouir. Rejoignez-nous pour un d\u00e9licieux voyage dans le monde du ballet !<\/p>\n<h3><strong><span style=\"color: #78dbe2;\">Ballet pour enfants (3-4 ans)<\/span><\/strong><\/h3>\n<p>Bienvenue dans notre programme de ballet pour enfants, o\u00f9 des cours amusants et dynamiques attendent vos tout-petits ! Chaque le\u00e7on de 50 minutes pr\u00e9sente le vocabulaire enchanteur du ballet, suivi de mouvements cr\u00e9atifs et expressifs qui invitent les enfants \u00e0 explorer le monde merveilleux de la danse. Accompagn\u00e9 d&rsquo;une musique belle et \u00e9nergisante, votre enfant profitera de tous les bienfaits physiques que la danse a \u00e0 offrir, notamment une meilleure coordination, une meilleure endurance, une meilleure force, une meilleure souplesse et bien plus encore. Dans le cadre de cette exp\u00e9rience agr\u00e9able, les \u00e9l\u00e8ves auront \u00e9galement l&rsquo;occasion de participer \u00e0 notre spectacle de fin d&rsquo;ann\u00e9e, leur permettant de mettre en valeur leurs nouvelles comp\u00e9tences et leur cr\u00e9ativit\u00e9. Pr\u00e9parez-vous \u00e0 voir votre petit danseur virevolter joyeusement dans votre salon, impatient de revenir encore et encore dans notre studio ! Rejoignez-nous pour un voyage inoubliable rempli de rires, d&rsquo;apprentissage et d&rsquo;amour de la danse !<\/p>\n<h3><strong><span style=\"color: #78dbe2;\">Mini Ballet (5-6 ans)<\/span><\/strong><\/h3>\n<p>Dans notre cours de Mini Ballet, votre enfant se lancera dans un voyage passionnant dans le monde du ballet ! En 55 minutes, les \u00e9l\u00e8ves d\u00e9couvriront les fondamentaux de la technique du ballet, en se concentrant sur des \u00e9l\u00e9ments cl\u00e9s tels que les positions, la coordination, la posture, l&rsquo;alignement du corps, la force et la souplesse. Cet environnement engageant et stimulant favorise non seulement l&rsquo;amour de la danse, mais aide \u00e9galement \u00e0 d\u00e9velopper des comp\u00e9tences essentielles qui leur seront utiles sur et en dehors de la piste de danse. Dans le cadre de cette exp\u00e9rience enrichissante, les \u00e9l\u00e8ves auront l&rsquo;occasion de montrer leurs progr\u00e8s en participant \u00e0 notre spectacle de fin d&rsquo;ann\u00e9e, o\u00f9 ils pourront briller devant leur famille et leurs amis. Regardez votre petit danseur gagner en confiance et en gr\u00e2ce tout en se faisant de nouveaux amis et en s&rsquo;amusant ! Rejoignez-nous pour cette merveilleuse exp\u00e9rience qui pose les bases d&rsquo;une passion pour le ballet qui durera toute la vie.<\/p>\n<h3><strong><span style=\"color: #78dbe2;\">Mini Jazz (5-6 ans)<\/span><\/strong><\/h3>\n<p>Pr\u00e9parez-vous \u00e0 une exp\u00e9rience exaltante dans notre cours Mini Jazz ! Ce cours de danse dynamique est con\u00e7u pour immerger votre enfant dans le monde vibrant du jazz, o\u00f9 il apprendra les comp\u00e9tences essentielles, le langage corporel et les expressions faciales expressives qui donnent vie \u00e0 ce style \u00e9nergique. En seulement 55 minutes, votre petit danseur explorera une vari\u00e9t\u00e9 de techniques et de styles qui ont \u00e9volu\u00e9 au fil des ans, garantissant une compr\u00e9hension compl\u00e8te du jazz. Le cours comprend un conditionnement complet du corps, des progressions passionnantes, un travail au centre engageant et une chor\u00e9graphie captivante qui laissera \u00e0 votre enfant un sentiment d&rsquo;autonomie et d&rsquo;inspiration. En prime, les \u00e9l\u00e8ves auront l&rsquo;incroyable opportunit\u00e9 de participer \u00e0 notre spectacle de fin d&rsquo;ann\u00e9e, mettant en valeur leur travail acharn\u00e9 et leur cr\u00e9ativit\u00e9 sur sc\u00e8ne ! Rejoignez-nous pour ce voyage amusant o\u00f9 votre enfant pourra d\u00e9couvrir son rythme et briller sous les projecteurs !<\/p>\n<h3><strong><span style=\"color: #78dbe2;\">Ballet Classique (7-10 ans)<\/span><\/strong><\/h3>\n<p>Dans notre Ballet Classique, nous pr\u00e9sentons \u00e0 votre enfant le vocabulaire fondamental du ballet en utilisant la c\u00e9l\u00e8bre m\u00e9thode russe. Tout au long de cette le\u00e7on de 55 minutes, les \u00e9l\u00e8ves apprendront progressivement et en profondeur les bases essentielles d&rsquo;un cours de danse classique. Cette exp\u00e9rience engageante am\u00e9liore non seulement leur compr\u00e9hension du ballet, mais am\u00e9liore \u00e9galement leur posture, leur alignement corporel, leur force, leur forme cardiovasculaire et leur musicalit\u00e9. Dans le cadre de ce voyage enrichissant, les \u00e9l\u00e8ves auront l&rsquo;opportunit\u00e9 passionnante de participer \u00e0 notre spectacle de fin d&rsquo;ann\u00e9e, mettant en valeur leurs progr\u00e8s et leur passion pour la danse sur sc\u00e8ne.<br \/>\nRejoignez-nous alors que votre enfant se lance dans un magnifique voyage de gr\u00e2ce et d&rsquo;art !<\/p>\n<h3><strong><span style=\"color: #78dbe2;\">Jazz Junior (7-10 ans)<\/span><\/strong><\/h3>\n<p>Laissez votre enfant se pr\u00e9parer \u00e0 danser dans notre cours de Jazz Junior, o\u00f9 l&rsquo;excitation du jazz prend vie ! Cette s\u00e9ance dynamique de 55 minutes est l&rsquo;introduction parfaite au monde de la danse jazz, remplie de comp\u00e9tences techniques essentielles comme les pirouettes, les jet\u00e9s, les coups de pied et bien plus encore. Dans ce cours amusant, les \u00e9l\u00e8ves apprendront non seulement les mouvements, mais d\u00e9velopperont \u00e9galement leur style unique, leurs expressions et leur confiance en soi. En mettant l&rsquo;accent sur la musicalit\u00e9 et la reprise de la chor\u00e9graphie, votre enfant dansera de tout son c\u0153ur sur des airs accrocheurs qui feront de chaque le\u00e7on une joie ! De plus, en guise de point culminant passionnant, les \u00e9l\u00e8ves auront la chance de montrer leur travail acharn\u00e9 dans notre spectacle de fin d&rsquo;ann\u00e9e, en se mettant sous les projecteurs et en \u00e9blouissant le public ! Pour encore plus de progr\u00e8s, nous vous recommandons d&rsquo;associer ce cours \u00e0 au moins un cours de ballet chaque semaine.<\/p>\n<h3><strong><span style=\"color: #78dbe2;\">Ballet Classique 2 (7-10 ans) &#8211; Audition requise<\/span><\/strong><\/h3>\n<p>Ce cours est id\u00e9al pour les \u00e9l\u00e8ves ayant d\u00e9j\u00e0 une exp\u00e9rience du ballet et d\u00e9sireux d&rsquo;am\u00e9liorer leurs comp\u00e9tences techniques. Suivant la tradition de la formation classique, ce cours commence par des exercices \u00e0 la barre et progresse vers des exercices centraux et des sauts plus complexes. Enseign\u00e9 selon la technique russe (Vaganova), ce cours de 60 minutes offre une exp\u00e9rience compl\u00e8te et stimulante aux \u00e9tudiants d\u00e9vou\u00e9s.<br \/>\nDe plus, les \u00e9tudiants auront l&rsquo;opportunit\u00e9 passionnante de se produire dans notre spectacle de fin d&rsquo;ann\u00e9e, mettant en valeur leur travail acharn\u00e9 et leur passion pour la danse sur sc\u00e8ne.<\/p>\n<h3><strong><span style=\"color: #78dbe2;\">Ballet Classique (10 ans et plus)<\/span><\/strong><\/h3>\n<p>Dans notre Ballet Classique 10+, nous enseignons \u00e0 votre enfant le vocabulaire fondamental du ballet en utilisant la m\u00e9thode estim\u00e9e de Vaganova. Au cours de cette le\u00e7on de 55 minutes, les \u00e9l\u00e8ves apprendront progressivement et en profondeur les bases essentielles d&rsquo;un cours de danse de ballet. Cette exp\u00e9rience enrichissante am\u00e9liore non seulement leur compr\u00e9hension du ballet, mais am\u00e9liore \u00e9galement la posture, l&rsquo;alignement du corps, la force, la forme cardiovasculaire et la musicalit\u00e9. De plus, les \u00e9tudiants auront l&rsquo;opportunit\u00e9 passionnante de participer \u00e0 notre spectacle de fin d&rsquo;ann\u00e9e, o\u00f9 ils pourront montrer leurs progr\u00e8s et leur passion pour la danse sur sc\u00e8ne. Rejoignez-nous pour ce voyage captivant dans le monde du ballet !<\/p>\n<h3><strong><span style=\"color: #78dbe2;\">Ballet Classique 2 (10+) &#8211; Audition requise<\/span><\/strong><\/h3>\n<p>Ce cours est id\u00e9al pour les \u00e9l\u00e8ves ayant d\u00e9j\u00e0 une exp\u00e9rience de ballet et d\u00e9sireux d&rsquo;am\u00e9liorer leurs comp\u00e9tences techniques. Suivant la tradition de la formation classique, ce cours commence par des exercices de barre et progresse vers un travail central et des sauts plus complexes. Enseign\u00e9 selon la technique russe (Vaganova), ce cours de 60 minutes offre une exp\u00e9rience compl\u00e8te et stimulante aux \u00e9tudiants d\u00e9vou\u00e9s.<br \/>\nDe plus, les \u00e9tudiants auront l&rsquo;opportunit\u00e9 passionnante de se produire dans notre spectacle de fin d&rsquo;ann\u00e9e, mettant en valeur leur travail acharn\u00e9 et leur passion pour la danse sur sc\u00e8ne.<\/p>\n<h3><strong><span style=\"color: #78dbe2;\">Danse contemporaine d\u00e9butant (12+)<\/span><\/strong><\/h3>\n<p>Entrez dans le monde du mouvement et de l&rsquo;expression avec notre cours de danse contemporaine pour d\u00e9butants, con\u00e7u pour les 12 ans et plus ! Cet espace accueillant et cr\u00e9atif est parfait pour les nouveaux venus dans la danse contemporaine, offrant une base solide en technique et en art. Au cours de cette s\u00e9ance engageante de 60 minutes, les \u00e9l\u00e8ves exploreront diff\u00e9rents styles et mouvements, en se concentrant sur la conscience corporelle, la fluidit\u00e9 et l&rsquo;improvisation. Gr\u00e2ce \u00e0 des \u00e9chauffements dynamiques, des s\u00e9quences chor\u00e9graphi\u00e9es et des exercices guid\u00e9s, les participants d\u00e9velopperont leur coordination, leur force et leur expression \u00e9motionnelle.<br \/>\nEn mettant l&rsquo;accent sur la cr\u00e9ativit\u00e9 et la d\u00e9couverte de soi, ce cours encourage les \u00e9l\u00e8ves \u00e0 trouver leur voix unique \u00e0 travers le mouvement. En guise de point culminant, les participants auront la chance de pr\u00e9senter leurs progr\u00e8s lors de notre performance de fin d&rsquo;ann\u00e9e, leur permettant de briller sur sc\u00e8ne. Rejoignez-nous et embarquez pour un voyage passionnant de danse et d&rsquo;expression personnelle !<\/p>\n<h3><strong><span style=\"color: #78dbe2;\">R\u00e9pertoire classique D\u00e9butant (12+)<\/span><\/strong><\/h3>\n<p>D\u00e9couvrez la beaut\u00e9 et l&rsquo;art du ballet classique avec notre cours de r\u00e9pertoire classique, con\u00e7u pour les danseurs de 12 ans et plus ! Ce cours sp\u00e9cialis\u00e9 offre aux \u00e9l\u00e8ves l&rsquo;opportunit\u00e9 de se plonger dans des pi\u00e8ces de ballet embl\u00e9matiques et de ma\u00eetriser les nuances de la chor\u00e9graphie classique. Au cours de cette s\u00e9ance immersive de 45 minutes, les danseurs travailleront sur un r\u00e9pertoire s\u00e9lectionn\u00e9 de ballets c\u00e9l\u00e8bres, en se concentrant sur la technique, la musicalit\u00e9 et la repr\u00e9sentation des personnages. Les participants affineront leurs comp\u00e9tences gr\u00e2ce \u00e0 des instructions d\u00e9taill\u00e9es, soulignant l&rsquo;importance de la narration et de l&rsquo;expression dans chaque repr\u00e9sentation. Ce cours am\u00e9liore non seulement les capacit\u00e9s techniques, mais favorise \u00e9galement une profonde appr\u00e9ciation de la riche histoire et des traditions du ballet. En guise d&rsquo;exp\u00e9rience finale, les \u00e9l\u00e8ves auront l&rsquo;occasion de pr\u00e9senter leur travail dans un cadre de performance, leur permettant de donner vie au r\u00e9pertoire classique sur sc\u00e8ne. Rejoignez-nous pour approfondir votre parcours de ballet et vous connecter avec des chefs-d&rsquo;\u0153uvre intemporels !<\/p>\n<p><strong><span style=\"color: #78dbe2;\">Si vous souhaitez avoir acc\u00e8s \u00e0 une plus grande vari\u00e9t\u00e9 de cours de danse dans notre \u00e9cole, votre enfant doit auditionner pour notre programme de formation pr\u00e9-\u00e9lite, comp\u00e9titif ou professionnel. Si cela vous int\u00e9resse, veuillez nous envoyer un e-mail \u00e0 <a href=\"mailto:office@dansetutudeluxe.com\">office@dansetutudeluxe.com<\/a><\/span><\/strong><strong> <span style=\"color: #78dbe2;\">pour r\u00e9server une place pour une audition.<\/span><\/strong><\/p>\n<\/div><\/section><\/p>\n<\/div><\/div><div class=\"flex_cell no_margin av_one_fifth  avia-builder-el-7  el_after_av_cell_three_fifth  avia-builder-el-last   \"  style='background: #d3f0f2; vertical-align:top; padding:30px; background-color:#d3f0f2; ' ><div class='flex_cell_inner' ><\/div><\/div><\/div>\n","protected":false},"excerpt":{"rendered":"","protected":false},"author":1,"featured_media":0,"parent":0,"menu_order":0,"comment_status":"closed","ping_status":"closed","template":"","meta":[],"yoast_head":"<!-- This site is optimized with the Yoast SEO plugin v21.2 - https:\/\/yoast.com\/wordpress\/plugins\/seo\/ -->\n<title>Enfants - Ballet School in Montreal-TUTU DELUXE<\/title>\n<meta name=\"robots\" content=\"index, follow, max-snippet:-1, max-image-preview:large, max-video-preview:-1\" \/>\n<link rel=\"canonical\" href=\"https:\/\/www.dansetutudeluxe.com\/fr\/enfants\/\" \/>\n<meta property=\"og:locale\" content=\"fr_FR\" \/>\n<meta property=\"og:type\" content=\"article\" \/>\n<meta property=\"og:title\" content=\"Enfants - Ballet School in Montreal-TUTU DELUXE\" \/>\n<meta property=\"og:url\" content=\"https:\/\/www.dansetutudeluxe.com\/fr\/enfants\/\" \/>\n<meta property=\"og:site_name\" content=\"Ballet School in Montreal-TUTU DELUXE\" \/>\n<meta property=\"article:modified_time\" content=\"2024-11-22T06:45:45+00:00\" \/>\n<meta name=\"twitter:card\" content=\"summary_large_image\" \/>\n<meta name=\"twitter:label1\" content=\"Dur\u00e9e de lecture estim\u00e9e\" \/>\n\t<meta name=\"twitter:data1\" content=\"8 minutes\" \/>\n<script type=\"application\/ld+json\" class=\"yoast-schema-graph\">{\"@context\":\"https:\/\/schema.org\",\"@graph\":[{\"@type\":\"WebPage\",\"@id\":\"https:\/\/www.dansetutudeluxe.com\/fr\/enfants\/\",\"url\":\"https:\/\/www.dansetutudeluxe.com\/fr\/enfants\/\",\"name\":\"Enfants - Ballet School in Montreal-TUTU DELUXE\",\"isPartOf\":{\"@id\":\"https:\/\/www.dansetutudeluxe.com\/#website\"},\"datePublished\":\"2024-11-22T06:43:07+00:00\",\"dateModified\":\"2024-11-22T06:45:45+00:00\",\"breadcrumb\":{\"@id\":\"https:\/\/www.dansetutudeluxe.com\/fr\/enfants\/#breadcrumb\"},\"inLanguage\":\"fr-FR\",\"potentialAction\":[{\"@type\":\"ReadAction\",\"target\":[\"https:\/\/www.dansetutudeluxe.com\/fr\/enfants\/\"]}]},{\"@type\":\"BreadcrumbList\",\"@id\":\"https:\/\/www.dansetutudeluxe.com\/fr\/enfants\/#breadcrumb\",\"itemListElement\":[{\"@type\":\"ListItem\",\"position\":1,\"name\":\"Startseite\",\"item\":\"https:\/\/www.dansetutudeluxe.com\/\"},{\"@type\":\"ListItem\",\"position\":2,\"name\":\"Enfants\"}]},{\"@type\":\"WebSite\",\"@id\":\"https:\/\/www.dansetutudeluxe.com\/#website\",\"url\":\"https:\/\/www.dansetutudeluxe.com\/\",\"name\":\"Ballet School in Montreal-TUTU DELUXE\",\"description\":\"\",\"potentialAction\":[{\"@type\":\"SearchAction\",\"target\":{\"@type\":\"EntryPoint\",\"urlTemplate\":\"https:\/\/www.dansetutudeluxe.com\/?s={search_term_string}\"},\"query-input\":\"required name=search_term_string\"}],\"inLanguage\":\"fr-FR\"}]}<\/script>\n<!-- \/ Yoast SEO plugin. -->","yoast_head_json":{"title":"Enfants - Ballet School in Montreal-TUTU DELUXE","robots":{"index":"index","follow":"follow","max-snippet":"max-snippet:-1","max-image-preview":"max-image-preview:large","max-video-preview":"max-video-preview:-1"},"canonical":"https:\/\/www.dansetutudeluxe.com\/fr\/enfants\/","og_locale":"fr_FR","og_type":"article","og_title":"Enfants - Ballet School in Montreal-TUTU DELUXE","og_url":"https:\/\/www.dansetutudeluxe.com\/fr\/enfants\/","og_site_name":"Ballet School in Montreal-TUTU DELUXE","article_modified_time":"2024-11-22T06:45:45+00:00","twitter_card":"summary_large_image","twitter_misc":{"Dur\u00e9e de lecture estim\u00e9e":"8 minutes"},"schema":{"@context":"https:\/\/schema.org","@graph":[{"@type":"WebPage","@id":"https:\/\/www.dansetutudeluxe.com\/fr\/enfants\/","url":"https:\/\/www.dansetutudeluxe.com\/fr\/enfants\/","name":"Enfants - Ballet School in Montreal-TUTU DELUXE","isPartOf":{"@id":"https:\/\/www.dansetutudeluxe.com\/#website"},"datePublished":"2024-11-22T06:43:07+00:00","dateModified":"2024-11-22T06:45:45+00:00","breadcrumb":{"@id":"https:\/\/www.dansetutudeluxe.com\/fr\/enfants\/#breadcrumb"},"inLanguage":"fr-FR","potentialAction":[{"@type":"ReadAction","target":["https:\/\/www.dansetutudeluxe.com\/fr\/enfants\/"]}]},{"@type":"BreadcrumbList","@id":"https:\/\/www.dansetutudeluxe.com\/fr\/enfants\/#breadcrumb","itemListElement":[{"@type":"ListItem","position":1,"name":"Startseite","item":"https:\/\/www.dansetutudeluxe.com\/"},{"@type":"ListItem","position":2,"name":"Enfants"}]},{"@type":"WebSite","@id":"https:\/\/www.dansetutudeluxe.com\/#website","url":"https:\/\/www.dansetutudeluxe.com\/","name":"Ballet School in Montreal-TUTU DELUXE","description":"","potentialAction":[{"@type":"SearchAction","target":{"@type":"EntryPoint","urlTemplate":"https:\/\/www.dansetutudeluxe.com\/?s={search_term_string}"},"query-input":"required name=search_term_string"}],"inLanguage":"fr-FR"}]}},"_links":{"self":[{"href":"https:\/\/www.dansetutudeluxe.com\/fr\/wp-json\/wp\/v2\/pages\/2495"}],"collection":[{"href":"https:\/\/www.dansetutudeluxe.com\/fr\/wp-json\/wp\/v2\/pages"}],"about":[{"href":"https:\/\/www.dansetutudeluxe.com\/fr\/wp-json\/wp\/v2\/types\/page"}],"author":[{"embeddable":true,"href":"https:\/\/www.dansetutudeluxe.com\/fr\/wp-json\/wp\/v2\/users\/1"}],"replies":[{"embeddable":true,"href":"https:\/\/www.dansetutudeluxe.com\/fr\/wp-json\/wp\/v2\/comments?post=2495"}],"version-history":[{"count":3,"href":"https:\/\/www.dansetutudeluxe.com\/fr\/wp-json\/wp\/v2\/pages\/2495\/revisions"}],"predecessor-version":[{"id":2522,"href":"https:\/\/www.dansetutudeluxe.com\/fr\/wp-json\/wp\/v2\/pages\/2495\/revisions\/2522"}],"wp:attachment":[{"href":"https:\/\/www.dansetutudeluxe.com\/fr\/wp-json\/wp\/v2\/media?parent=2495"}],"curies":[{"name":"wp","href":"https:\/\/api.w.org\/{rel}","templated":true}]}}