{"id":2270,"date":"2024-04-09T16:15:24","date_gmt":"2024-04-09T14:15:24","guid":{"rendered":"https:\/\/www.dansetutudeluxe.com\/faqs-2\/"},"modified":"2024-11-27T04:49:36","modified_gmt":"2024-11-27T03:49:36","slug":"faqs-2","status":"publish","type":"page","link":"https:\/\/www.dansetutudeluxe.com\/fr\/faqs-2\/","title":{"rendered":"FAQS"},"content":{"rendered":"<div  style='padding-bottom:10px; ' class='av-special-heading av-special-heading-h1  blockquote modern-quote modern-centered  avia-builder-el-0  el_before_av_hr  avia-builder-el-first  text-bold '><h1 class='av-special-heading-tag '  itemprop=\"headline\"  >FAQS<\/h1><div class ='av-subheading av-subheading_below  ' style='font-size:15px;'><p>&#8211; Questions fr\u00e9quemment pos\u00e9es &#8211;<\/p>\n<\/div><div class='special-heading-border'><div class='special-heading-inner-border' ><\/div><\/div><\/div>\n<div  style=' margin-top:10px; margin-bottom:30px;'  class='hr hr-custom hr-center hr-icon-yes   avia-builder-el-1  el_after_av_heading  el_before_av_image '><span class='hr-inner   inner-border-av-border-fat' style=' width:100px; border-color:#78dbe2;' ><span class='hr-inner-style'><\/span><\/span><span class='av-seperator-icon'  aria-hidden='true' data-av_icon='\ue806' data-av_iconfont='entypo-fontello'><\/span><span class='hr-inner   inner-border-av-border-fat' style=' width:100px; border-color:#78dbe2;' ><span class='hr-inner-style'><\/span><\/span><\/div>\n<div  class='avia-image-container  av-styling-    avia-builder-el-2  el_after_av_hr  el_before_av_textblock  avia-align-center '  itemprop=\"image\" itemscope=\"itemscope\" itemtype=\"https:\/\/schema.org\/ImageObject\"  ><div class='avia-image-container-inner'><div class='avia-image-overlay-wrap'><img class='avia_image' src='https:\/\/www.dansetutudeluxe.com\/wp-content\/uploads\/2024\/11\/Email-Tutu-Deluxe-scaled.jpg' alt='' title='Email Tutu Deluxe' height=\"1336\" width=\"2560\"  itemprop=\"thumbnailUrl\"  \/><\/div><\/div><\/div>\n<section class=\"av_textblock_section \"  itemscope=\"itemscope\" itemtype=\"https:\/\/schema.org\/CreativeWork\" ><div class='avia_textblock margin-top--3em '   itemprop=\"text\" ><p><strong>Quel est l&rsquo;\u00e2ge minimum pour s&rsquo;inscrire ?<\/strong><\/p>\n<p>Les enfants d\u00e8s l&rsquo;\u00e2ge de 2 ans peuvent profiter de nos classes pr\u00e9scolaires pour explorer l&rsquo;enthousiasme du mouvement et de la musique. Que vous soyez d\u00e9butant ou artiste chevronn\u00e9, Tutu Deluxe propose des cours con\u00e7us pour tous en cr\u00e9ant une atmosph\u00e8re chaleureuse et invitante permettant aux danseurs de nourrir leur passion pour la danse et d&rsquo;explorer les nombreux avantages de l&rsquo;\u00e9ducation en danse.<\/p>\n<p><strong>Les uniformes sont-ils obligatoires ?<\/strong><\/p>\n<p>Il est imp\u00e9ratif de porter l&rsquo;uniforme lors des cours. \u00c0 chaque niveau, il y a une tenue vestimentaire sp\u00e9cifique \u00e0 porter. Notre boutique sur place propose tous les v\u00eatements n\u00e9cessaires, y compris des chaussons de danse, garantissant ainsi que les \u00e9tudiants disposent de tout ce dont ils ont besoin pour leurs cours.<\/p>\n<p><strong>Qui dirige Tutu Deluxe ?<\/strong><\/p>\n<p>L&rsquo;\u00e9cole est dirig\u00e9e par Sandra et Diego F. Castro, danseurs de ballet professionnels accomplis avec des carri\u00e8res internationales impressionnant dans l&rsquo;industrie du ballet. Ils ont dans\u00e9 avec des compagnies prestigieuses telles que le Ballet de l&rsquo;Op\u00e9ra National de Vienne, les Grands Ballets Canadiens, Miami City Ballet et le Ballet National Slovaque, entre autres. Avant de s&rsquo;\u00e9tablir \u00e0 Montr\u00e9al, les deux danseurs ont beaucoup voyag\u00e9 et interpr\u00e9t\u00e9 des r\u00f4les principaux \u00e0 travers le monde.<\/p>\n<p><strong>Proposez-vous uniquement des cours de ballet ?<\/strong><\/p>\n<p>Chez Tutu Deluxe, bien que le ballet constitue le c\u0153ur de notre programme de danse, nous sommes fiers de proposer \u00e9galement des cours de jazz, de danse contemporaine, de danse de caract\u00e8re et de conditionnement physique. Les \u00e9tudiants peuvent explorer ces divers styles de danse en fonction de leur \u00e2ge et de leur niveau de d\u00e9vouement, garantissant ainsi une \u00e9ducation en danse compl\u00e8te et adapt\u00e9e \u00e0 leurs besoins individuels.<\/p>\n<p><strong>Si mon enfant manque un cours, peut-il rattraper son retard ?<\/strong><\/p>\n<p>Oui, des cours de rattrapage sont disponibles pour les enfants malades qui n\u2019ont donc pas pu assister au cours pr\u00e9vu.<\/p>\n<p><strong>Les parents sont-ils autoris\u00e9s \u00e0 entrer dans le studio pendant les cours ?<\/strong><\/p>\n<p>Afin de minimiser les distractions pour les \u00e9l\u00e8ves, les parents ne sont g\u00e9n\u00e9ralement pas autoris\u00e9s \u00e0 entrer dans le studio pendant les cours, sauf pour les cours parentaux o\u00f9 leur pr\u00e9sence est requise. Cette politique contribue \u00e0 cr\u00e9er un environnement cibl\u00e9 permettant aux \u00e9tudiants de s&rsquo;engager pleinement dans leur formation sans interruption. Les parents sont incit\u00e9s \u00e0 patienter dans notre espace de r\u00e9ception spacieux, \u00e9quip\u00e9 d&rsquo;une connexion Wi-Fi gratuite, pour leur commodit\u00e9. Cela offre aux parents la possibilit\u00e9 de se d\u00e9tendre et de passer du temps pendant que leur enfant est en classe, ce qui assure une exp\u00e9rience confortable pour tout le monde.<\/p>\n<p><strong>Proposez-vous des cours d&rsquo;essai ?<\/strong><\/p>\n<p>Les cours d&rsquo;essai sont disponibles toute l&rsquo;ann\u00e9e pour toute personne int\u00e9ress\u00e9e \u00e0 d\u00e9couvrir nos cours avant de s&rsquo;engager. Envoyez-nous un courriel si vous souhaitez vous inscrire \u00e0 un cours d\u2019essai \u00e0 <a href=\"mailto:office@dansetutudeluxe.com\">office@dansetutudeluxe.com<\/a>.<\/p>\n<p><strong>Et si mon enfant souhaite poursuivre une carri\u00e8re professionnelle dans le ballet ?<\/strong><\/p>\n<p>Tutu Deluxe est heureux d&rsquo;offrir une division professionnelle pour les \u00e9tudiants de 9 ans et plus qui aspirent \u00e0 devenir danseurs professionnels. Notre programme prestigieux offre aux \u00e9tudiants une formation \u00e0 la fois artistique et acad\u00e9mique pour les pr\u00e9parer \u00e0 une carri\u00e8re professionnelle en danse. Les jeunes danseurs \u00e2g\u00e9s de 6 \u00e0 10 ans peuvent opter pour des cours de base de formation intensive Pr\u00e9-\u00c9lite aulieu de nos cours r\u00e9cr\u00e9atifs. Ces cours visent \u00e0 fournir un enseignement de haut niveau aux jeunes danseurs, en favorisant le d\u00e9veloppement des comp\u00e9tences et un engagement plus profond dans le monde du ballet.<\/p>\n<p><strong>Mon enfant est-il pr\u00eat \u00e0 passer au niveau sup\u00e9rieur ?<\/strong><\/p>\n<p>Chez Tutu Deluxe, nous nous engageons \u00e0 \u00e9tablir une base solide pour nos danseurs, en suivant un programme progressif pour tous les styles de danse. Avant de passer au niveau suivant, les \u00e9tudiants doivent prouver qu&rsquo;ils ma\u00eetrisent un ensemble de comp\u00e9tences et de techniques adapt\u00e9s \u00e0 leur niveau. Tandis que la plupart des \u00e9tudiants \u00e9voluent en fonction de leur tranche d&rsquo;\u00e2ge, ceux qui font preuve d&rsquo;un d\u00e9vouement exceptionnel peuvent avancer plus rapidement. Notre studio appr\u00e9cie d&rsquo;offrir des d\u00e9fis et des opportunit\u00e9s de croissance \u00e0 tous les \u00e9tudiants, mais nous soulignons \u00e9galement l&rsquo;importance d&rsquo;\u00eatre ad\u00e9quatement pr\u00e9par\u00e9s pour \u00e9viter les sentiments d&rsquo;inconfort ou d&rsquo;ins\u00e9curit\u00e9 en classe.<\/p>\n<p><strong>Comment puis-je m&rsquo;inscrire au programme professionnel ?<\/strong><\/p>\n<p>Les \u00e9tudiants doivent passer une audition pour \u00e9valuer s&rsquo;ils sont admis dans nos programmes professionnels, pr\u00e9-\u00e9lite ou comp\u00e9titifs. Les auditions g\u00e9n\u00e9rales ont g\u00e9n\u00e9ralement lieu entre janvier et mars, mais il est possible de programmer des auditions priv\u00e9es \u00e0 tout moment de l&rsquo;ann\u00e9e. Pour toute audition, nous vous prions de nous contacter par courriel \u00e0 <a href=\"mailto:office@dansetutudeluxe.com\">office@dansetutudeluxe.com<\/a>.<\/p>\n<p><strong>Existe-t-il des certifications disponibles pour les \u00e9tudiants de Tutu Deluxe ?<\/strong><\/p>\n<p>Nous sommes tr\u00e8s heureux de pr\u00e9senter nos dipl\u00f4mes aux \u00e9tudiants de la division de formation professionnelle (Acad\u00e9mie Mont Royal Ballet). Afin d&rsquo;obtenir le dipl\u00f4me, il est obligatoire pour l&rsquo;\u00e9tudiant de r\u00e9ussir l&rsquo;examen de fin d&rsquo;ann\u00e9e qui correspond \u00e0 son niveau. Cette certification reconna\u00eet l&rsquo;admission dans la classe sup\u00e9rieure et le d\u00e9vouement important que les \u00e9tudiants mettent dans leur formation et leur pratique de la danse.<\/p>\n<p><strong>Quelle technique de ballet enseignez-vous dans votre \u00e9cole ?<\/strong><\/p>\n<p>C&rsquo;est avec une grande fiert\u00e9 que nous enseigneons la m\u00e9thode Vaganova. Il est reconnu comme le meilleur programme de formation en ballet en raison de l&rsquo;importance accord\u00e9e \u00e0 la technique, \u00e0 la musicalit\u00e9 et au talent artistique. Agrippina Vaganova a d\u00e9velopp\u00e9 cette m\u00e9thode qui se focalise sur le d\u00e9veloppement.<\/p>\n<\/div><\/section>\n","protected":false},"excerpt":{"rendered":"","protected":false},"author":3,"featured_media":0,"parent":0,"menu_order":0,"comment_status":"closed","ping_status":"closed","template":"","meta":[],"yoast_head":"<!-- This site is optimized with the Yoast SEO plugin v21.2 - https:\/\/yoast.com\/wordpress\/plugins\/seo\/ -->\n<title>Questions fr\u00e9quemment pos\u00e9es - FAQS - Ballet School in Montreal-TUTU DELUXE<\/title>\n<meta name=\"description\" content=\"Questions fr\u00e9quemment pos\u00e9es sur Ballet School TUTU DELUXE. Si vous avez des questions, veuillez nous envoyer un e-mail.\" \/>\n<meta name=\"robots\" content=\"index, follow, max-snippet:-1, max-image-preview:large, max-video-preview:-1\" \/>\n<link rel=\"canonical\" href=\"https:\/\/www.dansetutudeluxe.com\/fr\/faqs-2\/\" \/>\n<meta property=\"og:locale\" content=\"fr_FR\" \/>\n<meta property=\"og:type\" content=\"article\" \/>\n<meta property=\"og:title\" content=\"Questions fr\u00e9quemment pos\u00e9es - FAQS - Ballet School in Montreal-TUTU DELUXE\" \/>\n<meta property=\"og:description\" content=\"Questions fr\u00e9quemment pos\u00e9es sur Ballet School TUTU DELUXE. Si vous avez des questions, veuillez nous envoyer un e-mail.\" \/>\n<meta property=\"og:url\" content=\"https:\/\/www.dansetutudeluxe.com\/fr\/faqs-2\/\" \/>\n<meta property=\"og:site_name\" content=\"Ballet School in Montreal-TUTU DELUXE\" \/>\n<meta property=\"article:modified_time\" content=\"2024-11-27T03:49:36+00:00\" \/>\n<meta name=\"twitter:card\" content=\"summary_large_image\" \/>\n<meta name=\"twitter:label1\" content=\"Dur\u00e9e de lecture estim\u00e9e\" \/>\n\t<meta name=\"twitter:data1\" content=\"5 minutes\" \/>\n<script type=\"application\/ld+json\" class=\"yoast-schema-graph\">{\"@context\":\"https:\/\/schema.org\",\"@graph\":[{\"@type\":\"WebPage\",\"@id\":\"https:\/\/www.dansetutudeluxe.com\/fr\/faqs-2\/\",\"url\":\"https:\/\/www.dansetutudeluxe.com\/fr\/faqs-2\/\",\"name\":\"Questions fr\u00e9quemment pos\u00e9es - FAQS - Ballet School in Montreal-TUTU DELUXE\",\"isPartOf\":{\"@id\":\"https:\/\/www.dansetutudeluxe.com\/#website\"},\"datePublished\":\"2024-04-09T14:15:24+00:00\",\"dateModified\":\"2024-11-27T03:49:36+00:00\",\"description\":\"Questions fr\u00e9quemment pos\u00e9es sur Ballet School TUTU DELUXE. Si vous avez des questions, veuillez nous envoyer un e-mail.\",\"breadcrumb\":{\"@id\":\"https:\/\/www.dansetutudeluxe.com\/fr\/faqs-2\/#breadcrumb\"},\"inLanguage\":\"fr-FR\",\"potentialAction\":[{\"@type\":\"ReadAction\",\"target\":[\"https:\/\/www.dansetutudeluxe.com\/fr\/faqs-2\/\"]}]},{\"@type\":\"BreadcrumbList\",\"@id\":\"https:\/\/www.dansetutudeluxe.com\/fr\/faqs-2\/#breadcrumb\",\"itemListElement\":[{\"@type\":\"ListItem\",\"position\":1,\"name\":\"Startseite\",\"item\":\"https:\/\/www.dansetutudeluxe.com\/\"},{\"@type\":\"ListItem\",\"position\":2,\"name\":\"FAQS\"}]},{\"@type\":\"WebSite\",\"@id\":\"https:\/\/www.dansetutudeluxe.com\/#website\",\"url\":\"https:\/\/www.dansetutudeluxe.com\/\",\"name\":\"Ballet School in Montreal-TUTU DELUXE\",\"description\":\"\",\"potentialAction\":[{\"@type\":\"SearchAction\",\"target\":{\"@type\":\"EntryPoint\",\"urlTemplate\":\"https:\/\/www.dansetutudeluxe.com\/?s={search_term_string}\"},\"query-input\":\"required name=search_term_string\"}],\"inLanguage\":\"fr-FR\"}]}<\/script>\n<!-- \/ Yoast SEO plugin. -->","yoast_head_json":{"title":"Questions fr\u00e9quemment pos\u00e9es - FAQS - Ballet School in Montreal-TUTU DELUXE","description":"Questions fr\u00e9quemment pos\u00e9es sur Ballet School TUTU DELUXE. Si vous avez des questions, veuillez nous envoyer un e-mail.","robots":{"index":"index","follow":"follow","max-snippet":"max-snippet:-1","max-image-preview":"max-image-preview:large","max-video-preview":"max-video-preview:-1"},"canonical":"https:\/\/www.dansetutudeluxe.com\/fr\/faqs-2\/","og_locale":"fr_FR","og_type":"article","og_title":"Questions fr\u00e9quemment pos\u00e9es - FAQS - Ballet School in Montreal-TUTU DELUXE","og_description":"Questions fr\u00e9quemment pos\u00e9es sur Ballet School TUTU DELUXE. Si vous avez des questions, veuillez nous envoyer un e-mail.","og_url":"https:\/\/www.dansetutudeluxe.com\/fr\/faqs-2\/","og_site_name":"Ballet School in Montreal-TUTU DELUXE","article_modified_time":"2024-11-27T03:49:36+00:00","twitter_card":"summary_large_image","twitter_misc":{"Dur\u00e9e de lecture estim\u00e9e":"5 minutes"},"schema":{"@context":"https:\/\/schema.org","@graph":[{"@type":"WebPage","@id":"https:\/\/www.dansetutudeluxe.com\/fr\/faqs-2\/","url":"https:\/\/www.dansetutudeluxe.com\/fr\/faqs-2\/","name":"Questions fr\u00e9quemment pos\u00e9es - FAQS - Ballet School in Montreal-TUTU DELUXE","isPartOf":{"@id":"https:\/\/www.dansetutudeluxe.com\/#website"},"datePublished":"2024-04-09T14:15:24+00:00","dateModified":"2024-11-27T03:49:36+00:00","description":"Questions fr\u00e9quemment pos\u00e9es sur Ballet School TUTU DELUXE. Si vous avez des questions, veuillez nous envoyer un e-mail.","breadcrumb":{"@id":"https:\/\/www.dansetutudeluxe.com\/fr\/faqs-2\/#breadcrumb"},"inLanguage":"fr-FR","potentialAction":[{"@type":"ReadAction","target":["https:\/\/www.dansetutudeluxe.com\/fr\/faqs-2\/"]}]},{"@type":"BreadcrumbList","@id":"https:\/\/www.dansetutudeluxe.com\/fr\/faqs-2\/#breadcrumb","itemListElement":[{"@type":"ListItem","position":1,"name":"Startseite","item":"https:\/\/www.dansetutudeluxe.com\/"},{"@type":"ListItem","position":2,"name":"FAQS"}]},{"@type":"WebSite","@id":"https:\/\/www.dansetutudeluxe.com\/#website","url":"https:\/\/www.dansetutudeluxe.com\/","name":"Ballet School in Montreal-TUTU DELUXE","description":"","potentialAction":[{"@type":"SearchAction","target":{"@type":"EntryPoint","urlTemplate":"https:\/\/www.dansetutudeluxe.com\/?s={search_term_string}"},"query-input":"required name=search_term_string"}],"inLanguage":"fr-FR"}]}},"_links":{"self":[{"href":"https:\/\/www.dansetutudeluxe.com\/fr\/wp-json\/wp\/v2\/pages\/2270"}],"collection":[{"href":"https:\/\/www.dansetutudeluxe.com\/fr\/wp-json\/wp\/v2\/pages"}],"about":[{"href":"https:\/\/www.dansetutudeluxe.com\/fr\/wp-json\/wp\/v2\/types\/page"}],"author":[{"embeddable":true,"href":"https:\/\/www.dansetutudeluxe.com\/fr\/wp-json\/wp\/v2\/users\/3"}],"replies":[{"embeddable":true,"href":"https:\/\/www.dansetutudeluxe.com\/fr\/wp-json\/wp\/v2\/comments?post=2270"}],"version-history":[{"count":9,"href":"https:\/\/www.dansetutudeluxe.com\/fr\/wp-json\/wp\/v2\/pages\/2270\/revisions"}],"predecessor-version":[{"id":2714,"href":"https:\/\/www.dansetutudeluxe.com\/fr\/wp-json\/wp\/v2\/pages\/2270\/revisions\/2714"}],"wp:attachment":[{"href":"https:\/\/www.dansetutudeluxe.com\/fr\/wp-json\/wp\/v2\/media?parent=2270"}],"curies":[{"name":"wp","href":"https:\/\/api.w.org\/{rel}","templated":true}]}}