{"id":211,"date":"2017-01-23T10:16:12","date_gmt":"2017-01-23T09:16:12","guid":{"rendered":"http:\/\/www.dansetutudeluxe.com\/?page_id=211\/"},"modified":"2017-02-13T18:02:11","modified_gmt":"2017-02-13T17:02:11","slug":"besoins-speciaux","status":"publish","type":"page","link":"https:\/\/www.dansetutudeluxe.com\/fr\/besoins-speciaux\/","title":{"rendered":"Besoins sp\u00e9ciaux"},"content":{"rendered":"<div id='av-layout-grid-1'  class='av-layout-grid-container entry-content-wrapper main_color av-flex-cells     avia-builder-el-0  avia-builder-el-no-sibling  container_wrap sidebar_right' style=' '  >\n<div class=\"flex_cell no_margin av_one_fifth  avia-builder-el-1  el_before_av_cell_three_fifth  avia-builder-el-first   \"  style='vertical-align:top; padding:30px; background-color:#d3f0f2; ' ><div class='flex_cell_inner' ><\/div><\/div><div class=\"flex_cell no_margin av_three_fifth  avia-builder-el-2  el_after_av_cell_one_fifth  el_before_av_cell_one_fifth   \"  style='vertical-align:top; padding:30px; background-color:#d3f0f2; ' ><div class='flex_cell_inner' ><p><div  style='padding-bottom:20px; ' class='av-special-heading av-special-heading-h1  blockquote modern-quote modern-centered  avia-builder-el-3  el_before_av_hr  avia-builder-el-first  '><h1 class='av-special-heading-tag '  itemprop=\"headline\"  >BESOINS &#8211; SP\u00c9CIAUX<\/h1><div class='special-heading-border'><div class='special-heading-inner-border' ><\/div><\/div><\/div><br \/>\n<div  style=' margin-top:10px; margin-bottom:30px;'  class='hr hr-custom hr-center hr-icon-yes   avia-builder-el-4  el_after_av_heading  el_before_av_image '><span class='hr-inner   inner-border-av-border-fat' style=' width:100px; border-color:#78dbe2;' ><span class='hr-inner-style'><\/span><\/span><span class='av-seperator-icon'  aria-hidden='true' data-av_icon='\ue809' data-av_iconfont='entypo-fontello'><\/span><span class='hr-inner   inner-border-av-border-fat' style=' width:100px; border-color:#78dbe2;' ><span class='hr-inner-style'><\/span><\/span><\/div><br \/>\n<div  class='avia-image-container  av-styling-    avia-builder-el-5  el_after_av_hr  el_before_av_textblock  avia-align- '  itemprop=\"image\" itemscope=\"itemscope\" itemtype=\"https:\/\/schema.org\/ImageObject\"  ><div class='avia-image-container-inner'><div class='avia-image-overlay-wrap'><img class='avia_image' src='https:\/\/www.dansetutudeluxe.com\/wp-content\/uploads\/2017\/01\/SpecialNeedsPage-Kopie.jpg' alt='' title='SpecialNeedsPage Kopie' height=\"794\" width=\"1260\"  itemprop=\"thumbnailUrl\"  \/><\/div><\/div><\/div><br \/>\n<section class=\"av_textblock_section \"  itemscope=\"itemscope\" itemtype=\"https:\/\/schema.org\/CreativeWork\" ><div class='avia_textblock  av_inherit_color '  style='color:#0a0a0a; '  itemprop=\"text\" ><h3 style=\"text-align: center;\"><span style=\"color: #78dbe2;\">Sois toi-m\u00eame et danse tout simplement<\/span><\/h3>\n<p><strong>Nous sommes vraiment excit\u00e9s de d\u00e9buter notre programme local qui permet aux enfants vivant avec la trisomie ou l\u2019autisme d\u2019avoir acc\u00e8s \u00e0 des cours de danse. Nous croyons qu\u2019il manque des cours de qualit\u00e9 pour les enfants avec des besoins sp\u00e9ciaux. Outre que d\u2019am\u00e9liorer les aptitudes sociales, la discipline, l\u2019estime de soi et l\u2019expression de soi, les enfants pourront profiter de tous les b\u00e9n\u00e9fices physiques que rapporte la danse. Ces b\u00e9n\u00e9fices sont entre autres, la coordination, la flexibilit\u00e9, le renforcement et l\u2019endurance. Durant leur apprentissage de la danse, ils commenceront \u00e0 mieux comprendre leur corps, ce qui leur permettra d\u2019\u00eatre plus confortables avec leur corps. La danse permet aux enfants d\u2019\u00eatre eux-m\u00eames et de se sentir fiers.<\/strong><\/p>\n<h3><span style=\"color: #78dbe2;\"><strong>Ballet classique<\/strong><\/span><\/h3>\n<p><strong>Les cours de 45 minutes d\u00e9butent par un apprentissage du vocabulaire de base du ballet, suivi de mouvements cr\u00e9atifs et expressifs dans le but de go\u00fbter au merveilleux monde de la danse. Accompagn\u00e9s par de la belle musique \u00e9nergique, les enfants vont profiter de tous les b\u00e9n\u00e9fices physiques que la danse apporte tels que la coordination, l\u2019endurance, la force, la flexibilit\u00e9 et plus encore. Nous esp\u00e9rons voir vos enfants tourbillonner dans votre salon avec l\u2019envie de revenir au studio\u00a0!<\/strong><\/p>\n<h3><span style=\"color: #78dbe2;\"><strong>Hip-Hop enfant<\/strong><\/span><\/h3>\n<p><strong>Votre enfant aime danser et tourbillonner sur la musique populaire\u00a0? Si vous recherchez des cours amusant o\u00f9 votre enfant pourra d\u00e9penser de l\u2019\u00e9nergie, pratiquer la musicalit\u00e9, le rythme et apprendre \u00e0 improviser, alors le cours de hip-hop pour enfants est le plus appropri\u00e9\u00a0! Autant les gar\u00e7ons que les filles pourront avoir du plaisir en bougeant dans ce cours dynamique de 45 minutes.<\/strong><\/p>\n<\/div><\/section><\/p>\n<\/div><\/div><div class=\"flex_cell no_margin av_one_fifth  avia-builder-el-7  el_after_av_cell_three_fifth  avia-builder-el-last   \"  style='vertical-align:top; padding:30px; background-color:#d3f0f2; ' ><div class='flex_cell_inner' ><\/div><\/div><\/div>\n","protected":false},"excerpt":{"rendered":"","protected":false},"author":1,"featured_media":0,"parent":0,"menu_order":0,"comment_status":"closed","ping_status":"closed","template":"","meta":[],"yoast_head":"<!-- This site is optimized with the Yoast SEO plugin v21.2 - https:\/\/yoast.com\/wordpress\/plugins\/seo\/ -->\n<title>Besoins sp\u00e9ciaux - Ballet School in Montreal-TUTU DELUXE<\/title>\n<meta name=\"robots\" content=\"index, follow, max-snippet:-1, max-image-preview:large, max-video-preview:-1\" \/>\n<link rel=\"canonical\" href=\"https:\/\/www.dansetutudeluxe.com\/fr\/special-needs\/\" \/>\n<meta property=\"og:locale\" content=\"fr_FR\" \/>\n<meta property=\"og:type\" content=\"article\" \/>\n<meta property=\"og:title\" content=\"Besoins sp\u00e9ciaux - Ballet School in Montreal-TUTU DELUXE\" \/>\n<meta property=\"og:url\" content=\"https:\/\/www.dansetutudeluxe.com\/special-needs\/\" \/>\n<meta property=\"og:site_name\" content=\"Ballet School in Montreal-TUTU DELUXE\" \/>\n<meta property=\"article:modified_time\" content=\"2017-02-13T17:02:11+00:00\" \/>\n<meta name=\"twitter:card\" content=\"summary_large_image\" \/>\n<meta name=\"twitter:label1\" content=\"Dur\u00e9e de lecture estim\u00e9e\" \/>\n\t<meta name=\"twitter:data1\" content=\"3 minutes\" \/>\n<script type=\"application\/ld+json\" class=\"yoast-schema-graph\">{\"@context\":\"https:\/\/schema.org\",\"@graph\":[{\"@type\":\"WebPage\",\"@id\":\"https:\/\/www.dansetutudeluxe.com\/special-needs\/\",\"url\":\"https:\/\/www.dansetutudeluxe.com\/special-needs\/\",\"name\":\"Besoins sp\u00e9ciaux - Ballet School in Montreal-TUTU DELUXE\",\"isPartOf\":{\"@id\":\"https:\/\/www.dansetutudeluxe.com\/#website\"},\"datePublished\":\"2017-01-23T09:16:12+00:00\",\"dateModified\":\"2017-02-13T17:02:11+00:00\",\"breadcrumb\":{\"@id\":\"https:\/\/www.dansetutudeluxe.com\/special-needs\/#breadcrumb\"},\"inLanguage\":\"fr-FR\",\"potentialAction\":[{\"@type\":\"ReadAction\",\"target\":[\"https:\/\/www.dansetutudeluxe.com\/special-needs\/\"]}]},{\"@type\":\"BreadcrumbList\",\"@id\":\"https:\/\/www.dansetutudeluxe.com\/special-needs\/#breadcrumb\",\"itemListElement\":[{\"@type\":\"ListItem\",\"position\":1,\"name\":\"Startseite\",\"item\":\"https:\/\/www.dansetutudeluxe.com\/\"},{\"@type\":\"ListItem\",\"position\":2,\"name\":\"Besoins sp\u00e9ciaux\"}]},{\"@type\":\"WebSite\",\"@id\":\"https:\/\/www.dansetutudeluxe.com\/#website\",\"url\":\"https:\/\/www.dansetutudeluxe.com\/\",\"name\":\"Ballet School in Montreal-TUTU DELUXE\",\"description\":\"\",\"potentialAction\":[{\"@type\":\"SearchAction\",\"target\":{\"@type\":\"EntryPoint\",\"urlTemplate\":\"https:\/\/www.dansetutudeluxe.com\/?s={search_term_string}\"},\"query-input\":\"required name=search_term_string\"}],\"inLanguage\":\"fr-FR\"}]}<\/script>\n<!-- \/ Yoast SEO plugin. -->","yoast_head_json":{"title":"Besoins sp\u00e9ciaux - Ballet School in Montreal-TUTU DELUXE","robots":{"index":"index","follow":"follow","max-snippet":"max-snippet:-1","max-image-preview":"max-image-preview:large","max-video-preview":"max-video-preview:-1"},"canonical":"https:\/\/www.dansetutudeluxe.com\/fr\/special-needs\/","og_locale":"fr_FR","og_type":"article","og_title":"Besoins sp\u00e9ciaux - Ballet School in Montreal-TUTU DELUXE","og_url":"https:\/\/www.dansetutudeluxe.com\/special-needs\/","og_site_name":"Ballet School in Montreal-TUTU DELUXE","article_modified_time":"2017-02-13T17:02:11+00:00","twitter_card":"summary_large_image","twitter_misc":{"Dur\u00e9e de lecture estim\u00e9e":"3 minutes"},"schema":{"@context":"https:\/\/schema.org","@graph":[{"@type":"WebPage","@id":"https:\/\/www.dansetutudeluxe.com\/special-needs\/","url":"https:\/\/www.dansetutudeluxe.com\/special-needs\/","name":"Besoins sp\u00e9ciaux - Ballet School in Montreal-TUTU DELUXE","isPartOf":{"@id":"https:\/\/www.dansetutudeluxe.com\/#website"},"datePublished":"2017-01-23T09:16:12+00:00","dateModified":"2017-02-13T17:02:11+00:00","breadcrumb":{"@id":"https:\/\/www.dansetutudeluxe.com\/special-needs\/#breadcrumb"},"inLanguage":"fr-FR","potentialAction":[{"@type":"ReadAction","target":["https:\/\/www.dansetutudeluxe.com\/special-needs\/"]}]},{"@type":"BreadcrumbList","@id":"https:\/\/www.dansetutudeluxe.com\/special-needs\/#breadcrumb","itemListElement":[{"@type":"ListItem","position":1,"name":"Startseite","item":"https:\/\/www.dansetutudeluxe.com\/"},{"@type":"ListItem","position":2,"name":"Besoins sp\u00e9ciaux"}]},{"@type":"WebSite","@id":"https:\/\/www.dansetutudeluxe.com\/#website","url":"https:\/\/www.dansetutudeluxe.com\/","name":"Ballet School in Montreal-TUTU DELUXE","description":"","potentialAction":[{"@type":"SearchAction","target":{"@type":"EntryPoint","urlTemplate":"https:\/\/www.dansetutudeluxe.com\/?s={search_term_string}"},"query-input":"required name=search_term_string"}],"inLanguage":"fr-FR"}]}},"_links":{"self":[{"href":"https:\/\/www.dansetutudeluxe.com\/fr\/wp-json\/wp\/v2\/pages\/211"}],"collection":[{"href":"https:\/\/www.dansetutudeluxe.com\/fr\/wp-json\/wp\/v2\/pages"}],"about":[{"href":"https:\/\/www.dansetutudeluxe.com\/fr\/wp-json\/wp\/v2\/types\/page"}],"author":[{"embeddable":true,"href":"https:\/\/www.dansetutudeluxe.com\/fr\/wp-json\/wp\/v2\/users\/1"}],"replies":[{"embeddable":true,"href":"https:\/\/www.dansetutudeluxe.com\/fr\/wp-json\/wp\/v2\/comments?post=211"}],"version-history":[{"count":15,"href":"https:\/\/www.dansetutudeluxe.com\/fr\/wp-json\/wp\/v2\/pages\/211\/revisions"}],"predecessor-version":[{"id":742,"href":"https:\/\/www.dansetutudeluxe.com\/fr\/wp-json\/wp\/v2\/pages\/211\/revisions\/742"}],"wp:attachment":[{"href":"https:\/\/www.dansetutudeluxe.com\/fr\/wp-json\/wp\/v2\/media?parent=211"}],"curies":[{"name":"wp","href":"https:\/\/api.w.org\/{rel}","templated":true}]}}