{"id":129,"date":"2017-01-15T17:11:05","date_gmt":"2017-01-15T16:11:05","guid":{"rendered":"http:\/\/www.dansetutudeluxe.com\/?page_id=129"},"modified":"2024-12-01T03:11:10","modified_gmt":"2024-12-01T02:11:10","slug":"our-shop","status":"publish","type":"page","link":"https:\/\/www.dansetutudeluxe.com\/fr\/our-shop\/","title":{"rendered":"Ballet Boutique"},"content":{"rendered":"<div  style='padding-bottom:20px; ' class='av-special-heading av-special-heading-h1  blockquote modern-quote modern-centered  avia-builder-el-0  el_before_av_hr  avia-builder-el-first  text-bold '><h1 class='av-special-heading-tag '  itemprop=\"headline\"  >La Boutique TUTU DELUXE<\/h1><div class ='av-subheading av-subheading_below  ' style='font-size:15px;'><p>&#8211; Votre Destination Unique pour V\u00eatements de Danse &#8211;<\/p>\n<\/div><div class='special-heading-border'><div class='special-heading-inner-border' ><\/div><\/div><\/div>\n<div  style=' margin-top:10px; margin-bottom:30px;'  class='hr hr-custom hr-center hr-icon-yes   avia-builder-el-1  el_after_av_heading  el_before_av_image '><span class='hr-inner   inner-border-av-border-fat' style=' width:100px; border-color:#78dbe2;' ><span class='hr-inner-style'><\/span><\/span><span class='av-seperator-icon'  aria-hidden='true' data-av_icon='\ue806' data-av_iconfont='entypo-fontello'><\/span><span class='hr-inner   inner-border-av-border-fat' style=' width:100px; border-color:#78dbe2;' ><span class='hr-inner-style'><\/span><\/span><\/div>\n<div  class='avia-image-container  av-styling-    avia-builder-el-2  el_after_av_hr  el_before_av_textblock  margin-bottom--4em avia-align-center '  itemprop=\"image\" itemscope=\"itemscope\" itemtype=\"https:\/\/schema.org\/ImageObject\"  ><div class='avia-image-container-inner'><div class='avia-image-overlay-wrap'><img class='avia_image' src='https:\/\/www.dansetutudeluxe.com\/wp-content\/uploads\/2024\/11\/Tutu-Deluxe-Picture-scaled.jpg' alt='Ballet student' title='Tutu Deluxe Picture' height=\"1336\" width=\"2560\"  itemprop=\"thumbnailUrl\"  \/><\/div><\/div><\/div>\n<section class=\"av_textblock_section \"  itemscope=\"itemscope\" itemtype=\"https:\/\/schema.org\/CreativeWork\" ><div class='avia_textblock  av_inherit_color '  style='color:#000000; '  itemprop=\"text\" ><div class=\"text-center\">\n<div style=\"display: inline-block; border: 1px solid #c60d36; margin: 1em auto; color: #c60d36; padding: .5em; text-align: center;\">Note Importante: Toutes les classes pour enfants et adolescents ont des exigences obligatoires en mati\u00e8re d&rsquo;uniforme.<br \/>\nLes classes pour adultes sont exempt\u00e9es de ces exigences.<\/div>\n<\/div>\n<\/div><\/section>\n<div  style=' margin-top:10px; margin-bottom:30px;'  class='hr hr-custom hr-center hr-icon-yes   avia-builder-el-4  el_after_av_textblock  el_before_av_textblock '><span class='hr-inner   inner-border-av-border-fat' style=' width:100px; border-color:#78dbe2;' ><span class='hr-inner-style'><\/span><\/span><span class='av-seperator-icon'  aria-hidden='true' data-av_icon='\ue806' data-av_iconfont='entypo-fontello'><\/span><span class='hr-inner   inner-border-av-border-fat' style=' width:100px; border-color:#78dbe2;' ><span class='hr-inner-style'><\/span><\/span><\/div>\n<section class=\"av_textblock_section \"  itemscope=\"itemscope\" itemtype=\"https:\/\/schema.org\/CreativeWork\" ><div class='avia_textblock  av_inherit_color '  style='color:#000000; '  itemprop=\"text\" ><div class=\"content-text-information-block text-center\" style=\"padding-bottom: 0;\">\n<div>Nous sommes fiers d&rsquo;offrir une s\u00e9lection compl\u00e8te d&rsquo;uniformes de danse et d&rsquo;accessoires pour tous nos programmes et groupes d&rsquo;\u00e2ge directement dans notre boutique.<\/div>\n<h2 class=\"content-text-information-block__title text-center\">Notre inventaire complet comprend<\/h2>\n<\/div>\n<\/div><\/section>\n<article  class=\"iconbox iconbox_top main_color    avia-builder-el-6  el_after_av_textblock  el_before_av_icon_box  margin-bottom--4em \"  itemscope=\"itemscope\" itemtype=\"https:\/\/schema.org\/CreativeWork\" ><div class=\"iconbox_content\"><header class=\"entry-content-header\"><div class=\"iconbox_icon heading-color \" aria-hidden='true' data-av_icon='\ue854' data-av_iconfont='entypo-fontello'  ><\/div><h3 class='iconbox_content_title  '  itemprop=\"headline\"  > Pour les \u00c9tudiants en R\u00e9cr\u00e9atif<\/h3><\/header><div class='iconbox_content_container   av-medium-font-size-overwrite av-medium-font-size-16'  itemprop=\"text\"  ><ul style=\"display: flex; list-style: none; flex-wrap: wrap; justify-content: center;\">\n<li style=\"border: 1px solid #3dd8e3; padding: .2em .4em; margin-bottom: .5em; font-size: 16px; background: #fff;\">chaussons de ballet<\/li>\n<li style=\"border: 1px solid #3dd8e3; padding: .2em .4em; margin-bottom: .5em; font-size: 16px; background: #fff;\">l\u00e9otards de ballet<\/li>\n<li style=\"border: 1px solid #3dd8e3; padding: .2em .4em; margin-bottom: .5em; font-size: 16px; background: #fff;\">collants de ballet<\/li>\n<li style=\"border: 1px solid #3dd8e3; padding: .2em .4em; margin-bottom: .5em; font-size: 16px; background: #fff;\">chaussures de jazz<\/li>\n<li style=\"border: 1px solid #3dd8e3; padding: .2em .4em; margin-bottom: .5em; font-size: 16px; background: #fff;\">jupes de ballet<\/li>\n<\/ul>\n<\/div><\/div><footer class=\"entry-footer\"><\/footer><\/article>\n<article  class=\"iconbox iconbox_top main_color    avia-builder-el-7  el_after_av_icon_box  el_before_av_icon_box  margin-bottom--4em \"  itemscope=\"itemscope\" itemtype=\"https:\/\/schema.org\/CreativeWork\" ><div class=\"iconbox_content\"><header class=\"entry-content-header\"><div class=\"iconbox_icon heading-color \" aria-hidden='true' data-av_icon='\ue854' data-av_iconfont='entypo-fontello'  ><\/div><h3 class='iconbox_content_title  '  itemprop=\"headline\"  >Pour les \u00c9tudiants en Pr\u00e9-\u00c9lite, Comp\u00e9titif et Programme de Formation Professionnelle<\/h3><\/header><div class='iconbox_content_container   av-medium-font-size-overwrite av-medium-font-size-16'  itemprop=\"text\"  ><ul style=\"display: flex; list-style: none; flex-wrap: wrap; justify-content: center;\">\n<li style=\"border: 1px solid #3dd8e3; padding: .2em .4em; margin-bottom: .5em; font-size: 16px; background: #fff;\">V\u00eatements de danse de qualit\u00e9 professionnelle avec essayage disponible<\/li>\n<\/ul>\n<\/div><\/div><footer class=\"entry-footer\"><\/footer><\/article>\n<article  class=\"iconbox iconbox_top main_color    avia-builder-el-8  el_after_av_icon_box  el_before_av_icon_box  margin-bottom--4em \"  itemscope=\"itemscope\" itemtype=\"https:\/\/schema.org\/CreativeWork\" ><div class=\"iconbox_content\"><header class=\"entry-content-header\"><div class=\"iconbox_icon heading-color \" aria-hidden='true' data-av_icon='\ue854' data-av_iconfont='entypo-fontello'  ><\/div><h3 class='iconbox_content_title  '  itemprop=\"headline\"  >Pour Tous les Niveaux<\/h3><\/header><div class='iconbox_content_container   av-medium-font-size-overwrite av-medium-font-size-16'  itemprop=\"text\"  ><ul style=\"display: flex; list-style: none; flex-wrap: wrap; justify-content: center;\">\n<li style=\"border: 1px solid #3dd8e3; padding: .2em .4em; margin-bottom: .5em; font-size: 16px; background: #fff;\">Toutes les pi\u00e8ces d&rsquo;uniforme requises pour le code vestimentaire obligatoire<\/li>\n<\/ul>\n<\/div><\/div><footer class=\"entry-footer\"><\/footer><\/article>\n<article  class=\"iconbox iconbox_top main_color    avia-builder-el-9  el_after_av_icon_box  el_before_av_icon_box  margin-bottom--4em \"  itemscope=\"itemscope\" itemtype=\"https:\/\/schema.org\/CreativeWork\" ><div class=\"iconbox_content\"><header class=\"entry-content-header\"><div class=\"iconbox_icon heading-color \" aria-hidden='true' data-av_icon='\ue806' data-av_iconfont='entypo-fontello'  ><\/div><h3 class='iconbox_content_title  '  itemprop=\"headline\"  >Accessoires<\/h3><\/header><div class='iconbox_content_container   av-medium-font-size-overwrite av-medium-font-size-16'  itemprop=\"text\"  ><ul style=\"display: flex; list-style: none; flex-wrap: wrap; justify-content: center;\">\n<li style=\"border: 1px solid #3dd8e3; padding: .2em .4em; margin-bottom: .5em; font-size: 16px; background: #fff;\">Accessoires tels que sacs de danse, bouteilles, surv\u00eatements et bottes<\/li>\n<\/ul>\n<\/div><\/div><footer class=\"entry-footer\"><\/footer><\/article>\n<article  class=\"iconbox iconbox_top main_color    avia-builder-el-10  el_after_av_icon_box  el_before_av_textblock  margin-bottom--4em \"  itemscope=\"itemscope\" itemtype=\"https:\/\/schema.org\/CreativeWork\" ><div class=\"iconbox_content\"><header class=\"entry-content-header\"><div class=\"iconbox_icon heading-color \" aria-hidden='true' data-av_icon='\ue8d2' data-av_iconfont='entypo-fontello'  ><\/div><h3 class='iconbox_content_title  '  itemprop=\"headline\"  >Pour les Classes Adultes<\/h3><\/header><div class='iconbox_content_container   av-medium-font-size-overwrite av-medium-font-size-16'  itemprop=\"text\"  ><ul style=\"display: flex; list-style: none; flex-wrap: wrap; justify-content: center;\">\n<li style=\"border: 1px solid #3dd8e3; padding: .2em .4em; margin-bottom: .5em; font-size: 16px; background: #fff;\">V\u00eatements de danse recommand\u00e9s (aucun uniforme obligatoire)<\/li>\n<\/ul>\n<\/div><\/div><footer class=\"entry-footer\"><\/footer><\/article>\n<section class=\"av_textblock_section \"  itemscope=\"itemscope\" itemtype=\"https:\/\/schema.org\/CreativeWork\" ><div class='avia_textblock  '  style='font-size:16px; '  itemprop=\"text\" ><div class=\"content-text-information-block text-center\">\n<h2 class=\"content-text-information-block__title text-center\" style=\"margin-bottom: 1em;\">De plus, d\u00e9couvrez notre service de cr\u00e9ation sur mesure !<\/h2>\n<div>Notre couturi\u00e8re exp\u00e9riment\u00e9e confectionne des tutus de ballet professionnels et des costumes romantiques adapt\u00e9s \u00e0 vos mesures exactes.<\/div>\n<div>Visitez-nous en boutique pour explorer notre collection compl\u00e8te ou contactez-nous \u00e0 <a href=\"mailto:office@dansetutudeluxe.com\">office@dansetutudeluxe.com<\/a> pour plus d&rsquo;informations et les prix.<\/div>\n<div style=\"margin-top: 1em; text-align: center;\"><strong style=\"color: #000; font-size: 1.5em;\">Votre tenue de danse parfaite vous attend chez TUTU DELUXE !<\/strong><\/div>\n<\/div>\n<\/div><\/section>\n","protected":false},"excerpt":{"rendered":"","protected":false},"author":1,"featured_media":0,"parent":0,"menu_order":0,"comment_status":"closed","ping_status":"closed","template":"","meta":[],"yoast_head":"<!-- This site is optimized with the Yoast SEO plugin v21.2 - https:\/\/yoast.com\/wordpress\/plugins\/seo\/ -->\n<title>Ballet Boutique in Studio - Ballet School in Montreal-TUTU DELUXE<\/title>\n<meta name=\"description\" content=\"Vous pouvez acheter des chaussures de ballet, des justaucorps, des collants, des chaussures de jazz et des jupes dans ce studio.\" \/>\n<meta name=\"robots\" content=\"index, follow, max-snippet:-1, max-image-preview:large, max-video-preview:-1\" \/>\n<link rel=\"canonical\" href=\"https:\/\/www.dansetutudeluxe.com\/fr\/our-shop\/\" \/>\n<meta property=\"og:locale\" content=\"fr_FR\" \/>\n<meta property=\"og:type\" content=\"article\" \/>\n<meta property=\"og:title\" content=\"Ballet Boutique in Studio - Ballet School in Montreal-TUTU DELUXE\" \/>\n<meta property=\"og:description\" content=\"Vous pouvez acheter des chaussures de ballet, des justaucorps, des collants, des chaussures de jazz et des jupes dans ce studio.\" \/>\n<meta property=\"og:url\" content=\"https:\/\/www.dansetutudeluxe.com\/fr\/our-shop\/\" \/>\n<meta property=\"og:site_name\" content=\"Ballet School in Montreal-TUTU DELUXE\" \/>\n<meta property=\"article:modified_time\" content=\"2024-12-01T02:11:10+00:00\" \/>\n<meta name=\"twitter:card\" content=\"summary_large_image\" \/>\n<meta name=\"twitter:label1\" content=\"Dur\u00e9e de lecture estim\u00e9e\" \/>\n\t<meta name=\"twitter:data1\" content=\"2 minutes\" \/>\n<script type=\"application\/ld+json\" class=\"yoast-schema-graph\">{\"@context\":\"https:\/\/schema.org\",\"@graph\":[{\"@type\":\"WebPage\",\"@id\":\"https:\/\/www.dansetutudeluxe.com\/fr\/our-shop\/\",\"url\":\"https:\/\/www.dansetutudeluxe.com\/fr\/our-shop\/\",\"name\":\"Ballet Boutique in Studio - Ballet School in Montreal-TUTU DELUXE\",\"isPartOf\":{\"@id\":\"https:\/\/www.dansetutudeluxe.com\/#website\"},\"datePublished\":\"2017-01-15T16:11:05+00:00\",\"dateModified\":\"2024-12-01T02:11:10+00:00\",\"description\":\"Vous pouvez acheter des chaussures de ballet, des justaucorps, des collants, des chaussures de jazz et des jupes dans ce studio.\",\"breadcrumb\":{\"@id\":\"https:\/\/www.dansetutudeluxe.com\/fr\/our-shop\/#breadcrumb\"},\"inLanguage\":\"fr-FR\",\"potentialAction\":[{\"@type\":\"ReadAction\",\"target\":[\"https:\/\/www.dansetutudeluxe.com\/fr\/our-shop\/\"]}]},{\"@type\":\"BreadcrumbList\",\"@id\":\"https:\/\/www.dansetutudeluxe.com\/fr\/our-shop\/#breadcrumb\",\"itemListElement\":[{\"@type\":\"ListItem\",\"position\":1,\"name\":\"Startseite\",\"item\":\"https:\/\/www.dansetutudeluxe.com\/\"},{\"@type\":\"ListItem\",\"position\":2,\"name\":\"Ballet Boutique\"}]},{\"@type\":\"WebSite\",\"@id\":\"https:\/\/www.dansetutudeluxe.com\/#website\",\"url\":\"https:\/\/www.dansetutudeluxe.com\/\",\"name\":\"Ballet School in Montreal-TUTU DELUXE\",\"description\":\"\",\"potentialAction\":[{\"@type\":\"SearchAction\",\"target\":{\"@type\":\"EntryPoint\",\"urlTemplate\":\"https:\/\/www.dansetutudeluxe.com\/?s={search_term_string}\"},\"query-input\":\"required name=search_term_string\"}],\"inLanguage\":\"fr-FR\"}]}<\/script>\n<!-- \/ Yoast SEO plugin. -->","yoast_head_json":{"title":"Ballet Boutique in Studio - Ballet School in Montreal-TUTU DELUXE","description":"Vous pouvez acheter des chaussures de ballet, des justaucorps, des collants, des chaussures de jazz et des jupes dans ce studio.","robots":{"index":"index","follow":"follow","max-snippet":"max-snippet:-1","max-image-preview":"max-image-preview:large","max-video-preview":"max-video-preview:-1"},"canonical":"https:\/\/www.dansetutudeluxe.com\/fr\/our-shop\/","og_locale":"fr_FR","og_type":"article","og_title":"Ballet Boutique in Studio - Ballet School in Montreal-TUTU DELUXE","og_description":"Vous pouvez acheter des chaussures de ballet, des justaucorps, des collants, des chaussures de jazz et des jupes dans ce studio.","og_url":"https:\/\/www.dansetutudeluxe.com\/fr\/our-shop\/","og_site_name":"Ballet School in Montreal-TUTU DELUXE","article_modified_time":"2024-12-01T02:11:10+00:00","twitter_card":"summary_large_image","twitter_misc":{"Dur\u00e9e de lecture estim\u00e9e":"2 minutes"},"schema":{"@context":"https:\/\/schema.org","@graph":[{"@type":"WebPage","@id":"https:\/\/www.dansetutudeluxe.com\/fr\/our-shop\/","url":"https:\/\/www.dansetutudeluxe.com\/fr\/our-shop\/","name":"Ballet Boutique in Studio - Ballet School in Montreal-TUTU DELUXE","isPartOf":{"@id":"https:\/\/www.dansetutudeluxe.com\/#website"},"datePublished":"2017-01-15T16:11:05+00:00","dateModified":"2024-12-01T02:11:10+00:00","description":"Vous pouvez acheter des chaussures de ballet, des justaucorps, des collants, des chaussures de jazz et des jupes dans ce studio.","breadcrumb":{"@id":"https:\/\/www.dansetutudeluxe.com\/fr\/our-shop\/#breadcrumb"},"inLanguage":"fr-FR","potentialAction":[{"@type":"ReadAction","target":["https:\/\/www.dansetutudeluxe.com\/fr\/our-shop\/"]}]},{"@type":"BreadcrumbList","@id":"https:\/\/www.dansetutudeluxe.com\/fr\/our-shop\/#breadcrumb","itemListElement":[{"@type":"ListItem","position":1,"name":"Startseite","item":"https:\/\/www.dansetutudeluxe.com\/"},{"@type":"ListItem","position":2,"name":"Ballet Boutique"}]},{"@type":"WebSite","@id":"https:\/\/www.dansetutudeluxe.com\/#website","url":"https:\/\/www.dansetutudeluxe.com\/","name":"Ballet School in Montreal-TUTU DELUXE","description":"","potentialAction":[{"@type":"SearchAction","target":{"@type":"EntryPoint","urlTemplate":"https:\/\/www.dansetutudeluxe.com\/?s={search_term_string}"},"query-input":"required name=search_term_string"}],"inLanguage":"fr-FR"}]}},"_links":{"self":[{"href":"https:\/\/www.dansetutudeluxe.com\/fr\/wp-json\/wp\/v2\/pages\/129"}],"collection":[{"href":"https:\/\/www.dansetutudeluxe.com\/fr\/wp-json\/wp\/v2\/pages"}],"about":[{"href":"https:\/\/www.dansetutudeluxe.com\/fr\/wp-json\/wp\/v2\/types\/page"}],"author":[{"embeddable":true,"href":"https:\/\/www.dansetutudeluxe.com\/fr\/wp-json\/wp\/v2\/users\/1"}],"replies":[{"embeddable":true,"href":"https:\/\/www.dansetutudeluxe.com\/fr\/wp-json\/wp\/v2\/comments?post=129"}],"version-history":[{"count":15,"href":"https:\/\/www.dansetutudeluxe.com\/fr\/wp-json\/wp\/v2\/pages\/129\/revisions"}],"predecessor-version":[{"id":2944,"href":"https:\/\/www.dansetutudeluxe.com\/fr\/wp-json\/wp\/v2\/pages\/129\/revisions\/2944"}],"wp:attachment":[{"href":"https:\/\/www.dansetutudeluxe.com\/fr\/wp-json\/wp\/v2\/media?parent=129"}],"curies":[{"name":"wp","href":"https:\/\/api.w.org\/{rel}","templated":true}]}}