{"id":1227,"date":"2019-03-24T21:10:33","date_gmt":"2019-03-24T20:10:33","guid":{"rendered":"http:\/\/www.dansetutudeluxe.com\/?page_id=1227\/"},"modified":"2024-11-28T01:05:02","modified_gmt":"2024-11-28T00:05:02","slug":"ballet-elite-program","status":"publish","type":"page","link":"https:\/\/www.dansetutudeluxe.com\/fr\/ballet-elite-program\/","title":{"rendered":"Professional Program"},"content":{"rendered":"<div  style='padding-bottom:20px; ' class='av-special-heading av-special-heading-h1  blockquote modern-quote modern-centered  avia-builder-el-0  el_before_av_hr  avia-builder-el-first  text-bold '><h1 class='av-special-heading-tag '  itemprop=\"headline\"  >Programme de Formation Professionnelle \u00e0 Tutu Deluxe<\/h1><div class ='av-subheading av-subheading_below  ' style='font-size:20px;'><p>&#8211; Former les Artistes de Ballet de Demain &#8211;<\/p>\n<\/div><div class='special-heading-border'><div class='special-heading-inner-border' ><\/div><\/div><\/div>\n<div  style=' margin-top:30px; margin-bottom:30px;'  class='hr hr-custom hr-center hr-icon-yes   avia-builder-el-1  el_after_av_heading  el_before_av_video '><span class='hr-inner   inner-border-av-border-fat' style=' width:100px; border-color:#78dbe2;' ><span class='hr-inner-style'><\/span><\/span><span class='av-seperator-icon'  aria-hidden='true' data-av_icon='\ue809' data-av_iconfont='entypo-fontello'><\/span><span class='hr-inner   inner-border-av-border-fat' style=' width:100px; border-color:#78dbe2;' ><span class='hr-inner-style'><\/span><\/span><\/div>\n<div  class='avia-video avia-video-16-9 avia-video-html5  '   itemprop=\"video\" itemtype=\"https:\/\/schema.org\/VideoObject\"  data-original_url='https:\/\/www.dansetutudeluxe.com\/wp-content\/uploads\/2023\/08\/Klein-Professional-Program-Promo-Video.mp4' ><video class='avia_video'  autoplay loop preload=\"metadata\" muted controls id='player_1227_382289511_1381648570'><source src=\"https:\/\/www.dansetutudeluxe.com\/wp-content\/uploads\/2023\/08\/Klein-Professional-Program-Promo-Video.mp4\" type=\"video\/mp4\" \/><\/video><\/div>\n<div  style=' margin-top:10px; margin-bottom:10px;'  class='hr hr-custom hr-center hr-icon-yes   avia-builder-el-3  el_after_av_video  el_before_av_textblock '><span class='hr-inner   inner-border-av-border-fat' style=' width:100px; border-color:#78dbe2;' ><span class='hr-inner-style'><\/span><\/span><span class='av-seperator-icon'  aria-hidden='true' data-av_icon='\ue806' data-av_iconfont='entypo-fontello'><\/span><span class='hr-inner   inner-border-av-border-fat' style=' width:100px; border-color:#78dbe2;' ><span class='hr-inner-style'><\/span><\/span><\/div>\n<section class=\"av_textblock_section \"  itemscope=\"itemscope\" itemtype=\"https:\/\/schema.org\/CreativeWork\" ><div class='avia_textblock  '   itemprop=\"text\" ><div class=\"content-text-information-block\">\n<h2 class=\"content-text-information-block__title text-center\">Excellence en \u00c9ducation de Ballet Classique<\/h2>\n<p>Au Programme Professionnel de Tutu Deluxe \u00e0 Montr\u00e9al, nous offrons une formation intensive en ballet bas\u00e9e sur la prestigieuse m\u00e9thode Vaganova russe, con\u00e7ue pour les \u00e9l\u00e8ves d\u00e9vou\u00e9s qui poursuivent une carri\u00e8re professionnelle en danse. Sous la direction des anciens danseurs \u00e9toiles Sandra et Diego Castro, notre programme complet d\u00e9veloppe \u00e0 la fois l&rsquo;excellence technique et l&rsquo;expression artistique.<\/p>\n<\/div>\n<\/div><\/section>\n<div  style=' margin-top:10px; margin-bottom:10px;'  class='hr hr-custom hr-center hr-icon-yes   avia-builder-el-5  el_after_av_textblock  el_before_av_textblock '><span class='hr-inner   inner-border-av-border-fat' style=' width:100px; border-color:#78dbe2;' ><span class='hr-inner-style'><\/span><\/span><span class='av-seperator-icon'  aria-hidden='true' data-av_icon='\ue806' data-av_iconfont='entypo-fontello'><\/span><span class='hr-inner   inner-border-av-border-fat' style=' width:100px; border-color:#78dbe2;' ><span class='hr-inner-style'><\/span><\/span><\/div>\n<section class=\"av_textblock_section \"  itemscope=\"itemscope\" itemtype=\"https:\/\/schema.org\/CreativeWork\" ><div class='avia_textblock  '   itemprop=\"text\" ><div class=\"content-text-information-block\">\n<h2 class=\"content-text-information-block__title text-center\">Opportunit\u00e9s de Performance Professionnelle<\/h2>\n<h3>Nos \u00e9l\u00e8ves d\u00e9montrent r\u00e9guli\u00e8rement leur art \u00e0 travers :<\/h3>\n<ul>\n<li>La Production Annuelle du Casse-Noisette<\/li>\n<li>Les D\u00e9monstrations de Variations Classiques<\/li>\n<li>Les Spectacles Saisonniers<\/li>\n<li>Le Gala de Fin d&rsquo;Ann\u00e9e du Ballet Royal de Mont-Royal<\/li>\n<li>Les Concours Nationaux et Internationaux de Ballet<\/li>\n<\/ul>\n<p>Ces opportunit\u00e9s de performance sont des \u00e9tapes essentielles vers une carri\u00e8re professionnelle en ballet, permettant aux \u00e9l\u00e8ves de d\u00e9velopper leur pr\u00e9sence sc\u00e9nique, leur interpr\u00e9tation artistique et leur confiance en performance.<\/p>\n<\/div>\n<\/div><\/section>\n<div  style=' margin-top:10px; margin-bottom:10px;'  class='hr hr-custom hr-center hr-icon-yes   avia-builder-el-7  el_after_av_textblock  el_before_av_textblock '><span class='hr-inner   inner-border-av-border-fat' style=' width:100px; border-color:#78dbe2;' ><span class='hr-inner-style'><\/span><\/span><span class='av-seperator-icon'  aria-hidden='true' data-av_icon='\ue806' data-av_iconfont='entypo-fontello'><\/span><span class='hr-inner   inner-border-av-border-fat' style=' width:100px; border-color:#78dbe2;' ><span class='hr-inner-style'><\/span><\/span><\/div>\n<section class=\"av_textblock_section \"  itemscope=\"itemscope\" itemtype=\"https:\/\/schema.org\/CreativeWork\" ><div class='avia_textblock  '   itemprop=\"text\" ><div class=\"content-text-information-block\">\n<h2 class=\"content-text-information-block__title text-center\">Composantes de Formation de Classe Mondiale<\/h2>\n<div>\n<div class=\"flex-has-image flex-has-image--re margin-bottom--4em\">\n<div class=\"flex-has-image__image\"><img decoding=\"async\" src=\"\/wp-content\/uploads\/2024\/11\/FLX_0015-scaled.jpg\" alt=\"\u00c9tudiants actuels du programme professionnel de ballet se produisant\" \/><\/div>\n<div class=\"flex-has-image__text\">\n<ul class=\"nopoint\">\n<li>\u2728 Cours Quotidiens de Technique de Ballet<\/li>\n<li>\u2728 Travail de Pointes et R\u00e9pertoire Classique<\/li>\n<li>\u2728 Danse de Caract\u00e8re<\/li>\n<li>\u2728 Danse Contemporaine<\/li>\n<li>\u2728 Pas de Deux<\/li>\n<li>\u2728 Ateliers de Chor\u00e9graphie<\/li>\n<li>\u2728 Pr\u00e9paration aux Concours<\/li>\n<li>\u2728 Mentorat Professionnel<\/li>\n<li>\u2728 Cours de Flexibilit\u00e9 et de Conditionnement<\/li>\n<\/ul>\n<\/div>\n<\/div>\n<\/div>\n<\/div>\n<\/div><\/section>\n<div  style=' margin-top:10px; margin-bottom:10px;'  class='hr hr-custom hr-center hr-icon-yes   avia-builder-el-9  el_after_av_textblock  el_before_av_textblock '><span class='hr-inner   inner-border-av-border-fat' style=' width:100px; border-color:#78dbe2;' ><span class='hr-inner-style'><\/span><\/span><span class='av-seperator-icon'  aria-hidden='true' data-av_icon='\ue806' data-av_iconfont='entypo-fontello'><\/span><span class='hr-inner   inner-border-av-border-fat' style=' width:100px; border-color:#78dbe2;' ><span class='hr-inner-style'><\/span><\/span><\/div>\n<section class=\"av_textblock_section \"  itemscope=\"itemscope\" itemtype=\"https:\/\/schema.org\/CreativeWork\" ><div class='avia_textblock  '   itemprop=\"text\" ><div class=\"content-text-information-block\">\n<h2 class=\"content-text-information-block__title text-center\">Au-del\u00e0 de la Technique : Former des Artistes Complets<\/h2>\n<div>\n<div class=\"flex-has-image margin-bottom--4em\">\n<div class=\"flex-has-image__image\"><img decoding=\"async\" src=\"\/wp-content\/uploads\/2024\/04\/FLX_0175-scaled.jpg\" alt=\"Nutcracker Ballet - Full Performance\" \/><\/div>\n<div class=\"flex-has-image__text\">\n<h3>Notre programme professionnel de ballet cultive :<\/h3>\n<ul>\n<li>Technique Avanc\u00e9e de Ballet Classique<\/li>\n<li>Expression Artistique et Musicalit\u00e9<\/li>\n<li>Force Physique et Flexibilit\u00e9<\/li>\n<li>Concentration Mentale et Discipline<\/li>\n<li>Comp\u00e9tences en Performance et Pr\u00e9sence Sc\u00e9nique<\/li>\n<li>Pr\u00e9paration \u00e0 la Carri\u00e8re Professionnelle de Danse<\/li>\n<li>Exp\u00e9rience en Concours International de Danse<\/li>\n<\/ul>\n<\/div>\n<\/div>\n<\/div>\n<\/div>\n<\/div><\/section>\n<div  style=' margin-top:10px; margin-bottom:10px;'  class='hr hr-custom hr-center hr-icon-yes   avia-builder-el-11  el_after_av_textblock  el_before_av_textblock '><span class='hr-inner   inner-border-av-border-fat' style=' width:100px; border-color:#78dbe2;' ><span class='hr-inner-style'><\/span><\/span><span class='av-seperator-icon'  aria-hidden='true' data-av_icon='\ue806' data-av_iconfont='entypo-fontello'><\/span><span class='hr-inner   inner-border-av-border-fat' style=' width:100px; border-color:#78dbe2;' ><span class='hr-inner-style'><\/span><\/span><\/div>\n<section class=\"av_textblock_section \"  itemscope=\"itemscope\" itemtype=\"https:\/\/schema.org\/CreativeWork\" ><div class='avia_textblock  '   itemprop=\"text\" ><div class=\"content-text-information-block\">\n<h2 class=\"content-text-information-block__title text-center\">L&rsquo;Avantage Tutu Deluxe<\/h2>\n<div>\n<div class=\"flex-has-image flex-has-image--re margin-bottom--4em\">\n<div class=\"flex-has-image__image\"><img decoding=\"async\" src=\"\/wp-content\/uploads\/2024\/04\/FLX_0158-scaled.jpg\" alt=\"Ballet - professional program\" \/><\/div>\n<div class=\"flex-has-image__text\">\n<h3>Les \u00e9l\u00e8ves de notre programme professionnel b\u00e9n\u00e9ficient de :<\/h3>\n<ul>\n<li>Formation avec des Professeurs de Renomm\u00e9e Internationale<\/li>\n<li>Orientation de Carri\u00e8re Personnalis\u00e9e<\/li>\n<li>Opportunit\u00e9s de Performance Tout au Long de l&rsquo;Ann\u00e9e<\/li>\n<li>Coaching pour les Concours<\/li>\n<li>Petites Classes pour une Attention Personnalis\u00e9e<\/li>\n<li>Studios de Danse \u00e0 la Fine Pointe \u00e0 Montr\u00e9al<\/li>\n<li>Classes de Ma\u00eetre avec des Professionnels de l&rsquo;Industrie<\/li>\n<\/ul>\n<\/div>\n<\/div>\n<\/div>\n<\/div>\n<\/div><\/section>\n<div  style=' margin-top:10px; margin-bottom:10px;'  class='hr hr-custom hr-center hr-icon-yes   avia-builder-el-13  el_after_av_textblock  el_before_av_textblock '><span class='hr-inner   inner-border-av-border-fat' style=' width:100px; border-color:#78dbe2;' ><span class='hr-inner-style'><\/span><\/span><span class='av-seperator-icon'  aria-hidden='true' data-av_icon='\ue806' data-av_iconfont='entypo-fontello'><\/span><span class='hr-inner   inner-border-av-border-fat' style=' width:100px; border-color:#78dbe2;' ><span class='hr-inner-style'><\/span><\/span><\/div>\n<section class=\"av_textblock_section \"  itemscope=\"itemscope\" itemtype=\"https:\/\/schema.org\/CreativeWork\" ><div class='avia_textblock  '   itemprop=\"text\" ><div class=\"content-text-information-block\">\n<h2 class=\"content-text-information-block__title text-center\">D\u00e9veloppement de Carri\u00e8re et Opportunit\u00e9s<\/h2>\n<div>\n<div class=\"flex-has-image margin-bottom--4em\">\n<div class=\"flex-has-image__image\"><img decoding=\"async\" src=\"\/wp-content\/uploads\/2024\/04\/FLX_0021-scaled.jpg\" alt=\"Ballet - professional program successfully\" \/><\/div>\n<div class=\"flex-has-image__text\">\n<h3>Notre programme professionnel a pr\u00e9par\u00e9 avec succ\u00e8s des \u00e9l\u00e8ves pour :<\/h3>\n<ul>\n<li>Les Compagnies de Ballet Professionnelles<\/li>\n<li>Les Concours Internationaux de Ballet<\/li>\n<li>Les Programmes Intensifs d&rsquo;\u00c9t\u00e9<\/li>\n<li>Les Opportunit\u00e9s Chor\u00e9graphiques<\/li>\n<li>Les Carri\u00e8res d&rsquo;Enseignement en Danse<\/li>\n<\/ul>\n<\/div>\n<\/div>\n<\/div>\n<\/div>\n<\/div><\/section>\n<div  style=' margin-top:10px; margin-bottom:10px;'  class='hr hr-custom hr-center hr-icon-yes   avia-builder-el-15  el_after_av_textblock  el_before_av_textblock '><span class='hr-inner   inner-border-av-border-fat' style=' width:100px; border-color:#78dbe2;' ><span class='hr-inner-style'><\/span><\/span><span class='av-seperator-icon'  aria-hidden='true' data-av_icon='\ue806' data-av_iconfont='entypo-fontello'><\/span><span class='hr-inner   inner-border-av-border-fat' style=' width:100px; border-color:#78dbe2;' ><span class='hr-inner-style'><\/span><\/span><\/div>\n<section class=\"av_textblock_section \"  itemscope=\"itemscope\" itemtype=\"https:\/\/schema.org\/CreativeWork\" ><div class='avia_textblock  av_inherit_color '  style='color:#000000; '  itemprop=\"text\" ><div class=\"content-text-information-block\">\n<h2 class=\"content-text-information-block__title text-center\">Un H\u00e9ritage d&rsquo;Excellence<\/h2>\n<p>Fond\u00e9 par d&rsquo;anciens danseurs \u00e9toiles ayant une vaste exp\u00e9rience internationale, notre programme professionnel maintient les plus hauts standards de formation en ballet classique. Nous comprenons les exigences des carri\u00e8res professionnelles en danse et fournissons la base technique, l&rsquo;orientation artistique et les opportunit\u00e9s de performance n\u00e9cessaires pour r\u00e9ussir dans le monde comp\u00e9titif de la danse d&rsquo;aujourd&rsquo;hui.<\/p>\n<\/div>\n<\/div><\/section>\n<div  style=' margin-top:10px; margin-bottom:10px;'  class='hr hr-custom hr-center hr-icon-yes   avia-builder-el-17  el_after_av_textblock  el_before_av_textblock '><span class='hr-inner   inner-border-av-border-fat' style=' width:100px; border-color:#78dbe2;' ><span class='hr-inner-style'><\/span><\/span><span class='av-seperator-icon'  aria-hidden='true' data-av_icon='\ue806' data-av_iconfont='entypo-fontello'><\/span><span class='hr-inner   inner-border-av-border-fat' style=' width:100px; border-color:#78dbe2;' ><span class='hr-inner-style'><\/span><\/span><\/div>\n<section class=\"av_textblock_section \"  itemscope=\"itemscope\" itemtype=\"https:\/\/schema.org\/CreativeWork\" ><div class='avia_textblock  av_inherit_color '  style='color:#000000; '  itemprop=\"text\" ><div class=\"content-text-information-block\">\n<h2 class=\"content-text-information-block__title text-center\">Join Our Professional Program<\/h2>\n<p>For serious ballet students aged 9 and up, our professional program offers the perfect blend of rigorous training, artistic development, and performance opportunities. Through personalized attention and expert instruction, we help aspiring dancers transform their passion into a professional career.<\/p>\n<div class=\"tutu-flex\">\n<div>\n<h3 class=\"same-height\">Our professional program is part of the Mont-Royal Ballet Academy:<\/h3>\n<p><a class=\"tutu-button\" href=\"https:\/\/www.dansetutudeluxe.com\/fr\/\" target=\"_blank\" rel=\"noopener\">Mont-Royal Ballet Academy<\/a><\/p>\n<\/div>\n<div>\n<h3 class=\"same-height\">To audition for our Professional Training Program email us at:<\/h3>\n<p><a class=\"tutu-button\" href=\"mailto:office@dansetutudeluxe.com\" target=\"_blank\" rel=\"noopener\">E-mail<\/a><\/p>\n<\/div>\n<\/div>\n<\/div>\n<\/div><\/section>\n<div  class='avia-image-container  av-styling-    avia-builder-el-19  el_after_av_textblock  avia-builder-el-last  avia-align-center '  itemprop=\"image\" itemscope=\"itemscope\" itemtype=\"https:\/\/schema.org\/ImageObject\"  ><div class='avia-image-container-inner'><div class='avia-image-overlay-wrap'><img class='avia_image' src='https:\/\/www.dansetutudeluxe.com\/wp-content\/uploads\/2017\/01\/Slider2-Kopie-2.jpg' alt='' title='Slider2 Kopie 2' height=\"853\" width=\"1280\"  itemprop=\"thumbnailUrl\"  \/><\/div><\/div><\/div>\n","protected":false},"excerpt":{"rendered":"","protected":false},"author":1,"featured_media":0,"parent":0,"menu_order":0,"comment_status":"closed","ping_status":"closed","template":"","meta":[],"yoast_head":"<!-- This site is optimized with the Yoast SEO plugin v21.2 - https:\/\/yoast.com\/wordpress\/plugins\/seo\/ -->\n<title>Professional Program - Former les Artistes de Ballet de Demain - Ballet School in Montreal-TUTU DELUXE<\/title>\n<meta name=\"description\" content=\"Au Programme Professionnel du Ballet Studio Tutu Deluxe \u00e0 Montr\u00e9al, nous offrons une formation intensive en ballet bas\u00e9e sur la prestigieuse m\u00e9thode Vaganova russe, con\u00e7ue pour les \u00e9l\u00e8ves d\u00e9vou\u00e9s qui poursuivent une carri\u00e8re professionnelle en danse.\" \/>\n<meta name=\"robots\" content=\"index, follow, max-snippet:-1, max-image-preview:large, max-video-preview:-1\" \/>\n<link rel=\"canonical\" href=\"https:\/\/www.dansetutudeluxe.com\/fr\/ballet-elite-program\/\" \/>\n<meta property=\"og:locale\" content=\"fr_FR\" \/>\n<meta property=\"og:type\" content=\"article\" \/>\n<meta property=\"og:title\" content=\"Professional Program - Former les Artistes de Ballet de Demain - Ballet School in Montreal-TUTU DELUXE\" \/>\n<meta property=\"og:description\" content=\"Au Programme Professionnel du Ballet Studio Tutu Deluxe \u00e0 Montr\u00e9al, nous offrons une formation intensive en ballet bas\u00e9e sur la prestigieuse m\u00e9thode Vaganova russe, con\u00e7ue pour les \u00e9l\u00e8ves d\u00e9vou\u00e9s qui poursuivent une carri\u00e8re professionnelle en danse.\" \/>\n<meta property=\"og:url\" content=\"https:\/\/www.dansetutudeluxe.com\/fr\/ballet-elite-program\/\" \/>\n<meta property=\"og:site_name\" content=\"Ballet School in Montreal-TUTU DELUXE\" \/>\n<meta property=\"article:modified_time\" content=\"2024-11-28T00:05:02+00:00\" \/>\n<meta name=\"twitter:card\" content=\"summary_large_image\" \/>\n<meta name=\"twitter:label1\" content=\"Dur\u00e9e de lecture estim\u00e9e\" \/>\n\t<meta name=\"twitter:data1\" content=\"5 minutes\" \/>\n<script type=\"application\/ld+json\" class=\"yoast-schema-graph\">{\"@context\":\"https:\/\/schema.org\",\"@graph\":[{\"@type\":\"WebPage\",\"@id\":\"https:\/\/www.dansetutudeluxe.com\/fr\/ballet-elite-program\/\",\"url\":\"https:\/\/www.dansetutudeluxe.com\/fr\/ballet-elite-program\/\",\"name\":\"Professional Program - Former les Artistes de Ballet de Demain - Ballet School in Montreal-TUTU DELUXE\",\"isPartOf\":{\"@id\":\"https:\/\/www.dansetutudeluxe.com\/#website\"},\"datePublished\":\"2019-03-24T20:10:33+00:00\",\"dateModified\":\"2024-11-28T00:05:02+00:00\",\"description\":\"Au Programme Professionnel du Ballet Studio Tutu Deluxe \u00e0 Montr\u00e9al, nous offrons une formation intensive en ballet bas\u00e9e sur la prestigieuse m\u00e9thode Vaganova russe, con\u00e7ue pour les \u00e9l\u00e8ves d\u00e9vou\u00e9s qui poursuivent une carri\u00e8re professionnelle en danse.\",\"breadcrumb\":{\"@id\":\"https:\/\/www.dansetutudeluxe.com\/fr\/ballet-elite-program\/#breadcrumb\"},\"inLanguage\":\"fr-FR\",\"potentialAction\":[{\"@type\":\"ReadAction\",\"target\":[\"https:\/\/www.dansetutudeluxe.com\/fr\/ballet-elite-program\/\"]}]},{\"@type\":\"BreadcrumbList\",\"@id\":\"https:\/\/www.dansetutudeluxe.com\/fr\/ballet-elite-program\/#breadcrumb\",\"itemListElement\":[{\"@type\":\"ListItem\",\"position\":1,\"name\":\"Startseite\",\"item\":\"https:\/\/www.dansetutudeluxe.com\/\"},{\"@type\":\"ListItem\",\"position\":2,\"name\":\"Professional Program\"}]},{\"@type\":\"WebSite\",\"@id\":\"https:\/\/www.dansetutudeluxe.com\/#website\",\"url\":\"https:\/\/www.dansetutudeluxe.com\/\",\"name\":\"Ballet School in Montreal-TUTU DELUXE\",\"description\":\"\",\"potentialAction\":[{\"@type\":\"SearchAction\",\"target\":{\"@type\":\"EntryPoint\",\"urlTemplate\":\"https:\/\/www.dansetutudeluxe.com\/?s={search_term_string}\"},\"query-input\":\"required name=search_term_string\"}],\"inLanguage\":\"fr-FR\"}]}<\/script>\n<!-- \/ Yoast SEO plugin. -->","yoast_head_json":{"title":"Professional Program - Former les Artistes de Ballet de Demain - Ballet School in Montreal-TUTU DELUXE","description":"Au Programme Professionnel du Ballet Studio Tutu Deluxe \u00e0 Montr\u00e9al, nous offrons une formation intensive en ballet bas\u00e9e sur la prestigieuse m\u00e9thode Vaganova russe, con\u00e7ue pour les \u00e9l\u00e8ves d\u00e9vou\u00e9s qui poursuivent une carri\u00e8re professionnelle en danse.","robots":{"index":"index","follow":"follow","max-snippet":"max-snippet:-1","max-image-preview":"max-image-preview:large","max-video-preview":"max-video-preview:-1"},"canonical":"https:\/\/www.dansetutudeluxe.com\/fr\/ballet-elite-program\/","og_locale":"fr_FR","og_type":"article","og_title":"Professional Program - Former les Artistes de Ballet de Demain - Ballet School in Montreal-TUTU DELUXE","og_description":"Au Programme Professionnel du Ballet Studio Tutu Deluxe \u00e0 Montr\u00e9al, nous offrons une formation intensive en ballet bas\u00e9e sur la prestigieuse m\u00e9thode Vaganova russe, con\u00e7ue pour les \u00e9l\u00e8ves d\u00e9vou\u00e9s qui poursuivent une carri\u00e8re professionnelle en danse.","og_url":"https:\/\/www.dansetutudeluxe.com\/fr\/ballet-elite-program\/","og_site_name":"Ballet School in Montreal-TUTU DELUXE","article_modified_time":"2024-11-28T00:05:02+00:00","twitter_card":"summary_large_image","twitter_misc":{"Dur\u00e9e de lecture estim\u00e9e":"5 minutes"},"schema":{"@context":"https:\/\/schema.org","@graph":[{"@type":"WebPage","@id":"https:\/\/www.dansetutudeluxe.com\/fr\/ballet-elite-program\/","url":"https:\/\/www.dansetutudeluxe.com\/fr\/ballet-elite-program\/","name":"Professional Program - Former les Artistes de Ballet de Demain - Ballet School in Montreal-TUTU DELUXE","isPartOf":{"@id":"https:\/\/www.dansetutudeluxe.com\/#website"},"datePublished":"2019-03-24T20:10:33+00:00","dateModified":"2024-11-28T00:05:02+00:00","description":"Au Programme Professionnel du Ballet Studio Tutu Deluxe \u00e0 Montr\u00e9al, nous offrons une formation intensive en ballet bas\u00e9e sur la prestigieuse m\u00e9thode Vaganova russe, con\u00e7ue pour les \u00e9l\u00e8ves d\u00e9vou\u00e9s qui poursuivent une carri\u00e8re professionnelle en danse.","breadcrumb":{"@id":"https:\/\/www.dansetutudeluxe.com\/fr\/ballet-elite-program\/#breadcrumb"},"inLanguage":"fr-FR","potentialAction":[{"@type":"ReadAction","target":["https:\/\/www.dansetutudeluxe.com\/fr\/ballet-elite-program\/"]}]},{"@type":"BreadcrumbList","@id":"https:\/\/www.dansetutudeluxe.com\/fr\/ballet-elite-program\/#breadcrumb","itemListElement":[{"@type":"ListItem","position":1,"name":"Startseite","item":"https:\/\/www.dansetutudeluxe.com\/"},{"@type":"ListItem","position":2,"name":"Professional Program"}]},{"@type":"WebSite","@id":"https:\/\/www.dansetutudeluxe.com\/#website","url":"https:\/\/www.dansetutudeluxe.com\/","name":"Ballet School in Montreal-TUTU DELUXE","description":"","potentialAction":[{"@type":"SearchAction","target":{"@type":"EntryPoint","urlTemplate":"https:\/\/www.dansetutudeluxe.com\/?s={search_term_string}"},"query-input":"required name=search_term_string"}],"inLanguage":"fr-FR"}]}},"_links":{"self":[{"href":"https:\/\/www.dansetutudeluxe.com\/fr\/wp-json\/wp\/v2\/pages\/1227"}],"collection":[{"href":"https:\/\/www.dansetutudeluxe.com\/fr\/wp-json\/wp\/v2\/pages"}],"about":[{"href":"https:\/\/www.dansetutudeluxe.com\/fr\/wp-json\/wp\/v2\/types\/page"}],"author":[{"embeddable":true,"href":"https:\/\/www.dansetutudeluxe.com\/fr\/wp-json\/wp\/v2\/users\/1"}],"replies":[{"embeddable":true,"href":"https:\/\/www.dansetutudeluxe.com\/fr\/wp-json\/wp\/v2\/comments?post=1227"}],"version-history":[{"count":38,"href":"https:\/\/www.dansetutudeluxe.com\/fr\/wp-json\/wp\/v2\/pages\/1227\/revisions"}],"predecessor-version":[{"id":2743,"href":"https:\/\/www.dansetutudeluxe.com\/fr\/wp-json\/wp\/v2\/pages\/1227\/revisions\/2743"}],"wp:attachment":[{"href":"https:\/\/www.dansetutudeluxe.com\/fr\/wp-json\/wp\/v2\/media?parent=1227"}],"curies":[{"name":"wp","href":"https:\/\/api.w.org\/{rel}","templated":true}]}}